{"id":20755,"date":"2025-09-29T19:20:19","date_gmt":"2025-09-29T17:20:19","guid":{"rendered":"https:\/\/sipb-group.pl\/?page_id=20755"},"modified":"2025-12-12T19:55:29","modified_gmt":"2025-12-12T18:55:29","slug":"szlaki-europy","status":"publish","type":"page","link":"https:\/\/sipb-group.pl\/de\/szlaki-europy\/","title":{"rendered":"Routen in Europa"},"content":{"rendered":"[et_pb_section fb_built=&#8221;1&#8243; custom_padding_last_edited=&#8221;on|tablet&#8221; admin_label=&#8221;Hero Area&#8221; module_id=&#8221;home&#8221; module_class=&#8221;section-id&#8221; _builder_version=&#8221;4.27.4&#8243; _module_preset=&#8221;default&#8221; background_image=&#8221;https:\/\/sipb-group.pl\/wp-content\/uploads\/2025\/10\/bus.webp&#8221; overflow-x=&#8221;hidden&#8221; overflow-y=&#8221;hidden&#8221; custom_padding=&#8221;230px||115px||false|false&#8221; custom_padding_tablet=&#8221;200px||80px||false|false&#8221; custom_padding_phone=&#8221;230px||80px||false|false&#8221; hover_enabled=&#8221;0&#8243; custom_css_before=&#8221;    position: absolute;||    content: %22%22;||    background: #115eb6;||    width: 300px;||    height: 300%;||    top: -788px;||    right: 0;||    clip-path: polygon(25% 0%, 100% 0%, 75% 100%, 0% 100%);||    transform: rotate(23deg);||z-index:1||&#8221; custom_css_after=&#8221;    position: absolute;||||    background: #80d018;||    width: 300px;||    height: 100%;||    bottom:-200px;||    right: 330px;||    clip-path: polygon(25% 0%, 100% 0%, 75% 100%, 0% 100%);||    transform: rotate(23deg);||||&#8221; collapsed=&#8221;on&#8221; global_colors_info=&#8221;{}&#8221; custom_css_before_last_edited=&#8221;off|desktop&#8221; custom_css_before_tablet=&#8221;    position: absolute;||    content: %22%22;||    background: #ed6700;||    width: 300px;||    height: 50%;||    bottom:-300px;||    right: 0;||    clip-path: polygon(25% 0%, 100% 0%, 75% 100%, 0% 100%);||    transform: rotate(23deg);||||&#8221; custom_css_after_last_edited=&#8221;off|desktop&#8221; custom_css_after_tablet=&#8221; &#8221; custom_css_before_phone=&#8221;    position: absolute;||    content: %22%22;||    background: #ed6700;||    width: 300px;||    height: 50%;||    bottom:-300px;||    right: 0;||    clip-path: polygon(25% 0%, 100% 0%, 75% 100%, 0% 100%);||    transform: rotate(23deg);||||&#8221; custom_css_after_phone=&#8221; &#8221; title_text=&#8221;bus&#8221; sticky_enabled=&#8221;0&#8243;][et_pb_row use_custom_gutter=&#8221;on&#8221; gutter_width=&#8221;2&#8243; make_equal=&#8221;on&#8221; _builder_version=&#8221;4.27.4&#8243; _module_preset=&#8221;default&#8221; z_index=&#8221;99&#8243; width=&#8221;90%&#8221; max_width=&#8221;1200px&#8221; custom_padding=&#8221;0px||0px||true|false&#8221; global_colors_info=&#8221;{}&#8221;][et_pb_column type=&#8221;4_4&#8243; _builder_version=&#8221;4.27.4&#8243; _module_preset=&#8221;default&#8221; global_colors_info=&#8221;{}&#8221;][et_pb_text _builder_version=&#8221;4.27.4&#8243; _module_preset=&#8221;default&#8221; header_font=&#8221;&#8211;et_global_heading_font|&#8211;et_global_heading_font_weight|||||||&#8221; header_text_color=&#8221;#FFFFFF&#8221; header_font_size=&#8221;70px&#8221; header_2_font=&#8221;&#8211;et_global_heading_font|&#8211;et_global_heading_font_weight|||||||&#8221; header_2_text_color=&#8221;#115eb6&#8243; header_2_font_size=&#8221;42px&#8221; header_4_font=&#8221;&#8211;et_global_heading_font|&#8211;et_global_heading_font_weight||on|||||&#8221; header_4_text_color=&#8221;gcid-dbc95d21-904d-45a9-8e0d-0b280b650812&#8243; max_width=&#8221;80%&#8221; custom_margin=&#8221;||0px||false|false&#8221; custom_padding=&#8221;32px||32px|32px|true|false&#8221; animation_style=&#8221;fade&#8221; hover_enabled=&#8221;0&#8243; header_font_size_tablet=&#8221;55px&#8221; header_font_size_phone=&#8221;42px&#8221; header_font_size_last_edited=&#8221;on|phone&#8221; custom_css_before=&#8221;position:absolute;||content:%22%22;||border:8px solid #80d018;||width:30%;||height:100%;||left:0;||top:0;||border-right:0&#8243; custom_css_free_form=&#8221;selector h2{||  padding-bottom: 0 !important;||}&#8221; global_colors_info=&#8221;{%22gcid-dbc95d21-904d-45a9-8e0d-0b280b650812%22:%91%22header_4_text_color%22%93}&#8221; sticky_enabled=&#8221;0&#8243;]<h4 style=\"padding-bottom: 32px;\">Wyselekcjonowane trasy w UE<\/h4>\n<h2 style=\"padding-bottom: 32px;\">Routen in Europa<\/h2>[\/et_pb_text][\/et_pb_column][\/et_pb_row][\/et_pb_section][et_pb_section fb_built=&#8221;1&#8243; make_equal=&#8221;on&#8221; use_custom_gutter=&#8221;on&#8221; gutter_width=&#8221;2&#8243; specialty=&#8221;on&#8221; custom_padding_last_edited=&#8221;on|phone&#8221; padding_top_1=&#8221;0px&#8221; padding_top_2=&#8221;32px&#8221; padding_right_1=&#8221;80px&#8221; padding_bottom_1=&#8221;0px&#8221; padding_bottom_2=&#8221;32px&#8221; padding_top_bottom_link_1=&#8221;true&#8221; padding_top_bottom_link_2=&#8221;true&#8221; padding_left_right_link_1=&#8221;false&#8221; padding_left_right_link_2=&#8221;false&#8221; padding_1_tablet=&#8221;&#8221; padding_2_tablet=&#8221;0px||0px||true|false&#8221; padding_1_phone=&#8221;|32px|||false|false&#8221; padding_2_phone=&#8221;0px||0px||true|false&#8221; padding_1_last_edited=&#8221;on|phone&#8221; padding_2_last_edited=&#8221;on|tablet&#8221; admin_label=&#8221;About Area&#8221; module_class=&#8221;section-id&#8221; _builder_version=&#8221;4.27.4&#8243; _module_preset=&#8221;default&#8221; inner_width=&#8221;90%&#8221; inner_max_width=&#8221;1200px&#8221; custom_padding=&#8221;80px||||false|false&#8221; custom_padding_tablet=&#8221;80px||40px||false|false&#8221; custom_padding_phone=&#8221;80px||||false|false&#8221; custom_css_free_form=&#8221;.full-images-height .et_pb_image_wrap {||    height: 100%;||  ||}||.object-fit img{||  object-fit:cover||}||||||||||@keyframes rotation {||  ||  0% { transform: translateY(0px); }||  25% { transform: translateY(-20px); } ||  ||  75% { transform: translateY(20px); } ||  ||  100% { transform: translateY(0px); }||  ||}&#8221; collapsed=&#8221;on&#8221; global_colors_info=&#8221;{}&#8221;][et_pb_column type=&#8221;1_2&#8243; _builder_version=&#8221;4.16&#8243; custom_padding=&#8221;|||&#8221; global_colors_info=&#8221;{}&#8221; custom_padding__hover=&#8221;|||&#8221;][et_pb_image src=&#8221;https:\/\/sipb-group.pl\/wp-content\/uploads\/2025\/10\/Europejskie-Trasy.webp&#8221; title_text=&#8221;Europejskie Trasy&#8221; force_fullwidth=&#8221;on&#8221; module_id=&#8221;anchor&#8221; module_class=&#8221;full-images-height   object-fit &#8221; _builder_version=&#8221;4.27.4&#8243; _module_preset=&#8221;default&#8221; height=&#8221;100%&#8221; height_tablet=&#8221;400px&#8221; height_phone=&#8221;400px&#8221; height_last_edited=&#8221;on|phone&#8221; custom_padding=&#8221;32px|60px||32px|false|false&#8221; custom_padding_tablet=&#8221;32px|60px||32px|false|false&#8221; custom_padding_phone=&#8221;|0px|||false|false&#8221; custom_padding_last_edited=&#8221;on|phone&#8221; custom_css_before=&#8221;position:absolute;||content:%22%22;||background:#80d018;||width:200px;||height:200px;||top:0;||left:0;|| animation: rotation 3s linear infinite; &#8221; custom_css_main_element=&#8221;height:100%;&#8221; global_colors_info=&#8221;{}&#8221;][\/et_pb_image][et_pb_image src=&#8221;https:\/\/sipb-group.pl\/wp-content\/uploads\/2025\/10\/paczki-2.webp&#8221; title_text=&#8221;paczki 2&#8243; module_class=&#8221;object-fit&#8221; _builder_version=&#8221;4.27.4&#8243; _module_preset=&#8221;default&#8221; positioning=&#8221;absolute&#8221; position_origin_a=&#8221;bottom_right&#8221; horizontal_offset=&#8221;40px&#8221; z_index=&#8221;99&#8243; horizontal_offset_tablet=&#8221;40px&#8221; horizontal_offset_phone=&#8221;0px&#8221; horizontal_offset_last_edited=&#8221;on|phone&#8221; width=&#8221;250px&#8221; width_tablet=&#8221;250px&#8221; width_phone=&#8221;200px&#8221; width_last_edited=&#8221;on|phone&#8221; height=&#8221;300px&#8221; height_tablet=&#8221;200px&#8221; height_phone=&#8221;200px&#8221; height_last_edited=&#8221;on|tablet&#8221; custom_margin=&#8221;||0px||false|false&#8221; border_width_all=&#8221;5px&#8221; border_color_all=&#8221;#FFFFFF&#8221; global_colors_info=&#8221;{}&#8221;][\/et_pb_image][\/et_pb_column][et_pb_column type=&#8221;1_2&#8243; specialty_columns=&#8221;2&#8243; _builder_version=&#8221;4.16&#8243; custom_padding=&#8221;|||&#8221; global_colors_info=&#8221;{}&#8221; custom_padding__hover=&#8221;|||&#8221;][et_pb_row_inner _builder_version=&#8221;4.27.4&#8243; _module_preset=&#8221;default&#8221; custom_padding=&#8221;0px||0px||false|false&#8221; global_colors_info=&#8221;{}&#8221;][et_pb_column_inner saved_specialty_column_type=&#8221;1_2&#8243; _builder_version=&#8221;4.27.4&#8243; _module_preset=&#8221;default&#8221; global_colors_info=&#8221;{}&#8221;][et_pb_text _builder_version=&#8221;4.27.4&#8243; _module_preset=&#8221;default&#8221; header_text_color=&#8221;#161616&#8243; header_font_size=&#8221;70px&#8221; header_line_height=&#8221;120%&#8221; header_2_font=&#8221;&#8211;et_global_heading_font|&#8211;et_global_heading_font_weight|||||||&#8221; header_2_text_color=&#8221;gcid-c1ac8567-e125-48f9-b965-be1847180768&#8243; header_2_font_size=&#8221;48px&#8221; header_2_line_height=&#8221;120%&#8221; header_4_font=&#8221;Poppins|&#8211;et_global_heading_font_weight||on|||||&#8221; header_4_text_color=&#8221;gcid-dbc95d21-904d-45a9-8e0d-0b280b650812&#8243; max_width=&#8221;700px&#8221; custom_margin=&#8221;||0px||false|false&#8221; animation_style=&#8221;fade&#8221; header_2_font_size_tablet=&#8221;40px&#8221; header_2_font_size_phone=&#8221;32px&#8221; header_2_font_size_last_edited=&#8221;on|phone&#8221; locked=&#8221;off&#8221; global_colors_info=&#8221;{%22gcid-dbc95d21-904d-45a9-8e0d-0b280b650812%22:%91%22header_4_text_color%22%93,%22gcid-c1ac8567-e125-48f9-b965-be1847180768%22:%91%22header_2_text_color%22%93}&#8221;]<h4 style=\"padding-bottom: 32px;\">Angebot<\/h4>\n<h2>Europejskie trasy, kt\u00f3re pokonujemy dla Ciebie<\/h2>[\/et_pb_text][et_pb_text _builder_version=&#8221;4.27.4&#8243; _module_preset=&#8221;default&#8221; text_font=&#8221;&#8211;et_global_heading_font|&#8211;et_global_body_font_weight|||||||&#8221; text_text_color=&#8221;#7c858c&#8221; text_font_size=&#8221;16px&#8221; text_line_height=&#8221;160%&#8221; custom_margin=&#8221;20px||||false|false&#8221; animation_style=&#8221;fade&#8221; animation_delay=&#8221;100ms&#8221; global_colors_info=&#8221;{}&#8221;]<p><strong>Nasze trasy \u2013 zaufany transport w sercu Europy<\/strong><\/p>\n<p><strong>SIPB-GRUPPE<\/strong> to firma, kt\u00f3ra nie uznaje granic tam, gdzie liczy si\u0119 skuteczno\u015b\u0107.<br \/>Codziennie nasze pojazdy przemierzaj\u0105 europejskie drogi, realizuj\u0105c dostawy z precyzj\u0105, kt\u00f3ra sta\u0142a si\u0119 naszym znakiem rozpoznawczym. <strong>Dzi\u0119ki sta\u0142ej wsp\u00f3\u0142pracy ze spedycjami zlokalizowanymi na terenie Holandii<\/strong>, a tak\u017ce dzi\u0119ki sprawdzonej sieci partner\u00f3w i kierowc\u00f3w, jeste\u015bmy w stanie dostarczy\u0107 towary w niemal ka\u017cdy zak\u0105tek Europy \u2013 <strong>sprawnie, punktualnie i bezpiecznie.<\/strong><\/p>[\/et_pb_text][\/et_pb_column_inner][\/et_pb_row_inner][\/et_pb_column][\/et_pb_section][et_pb_section fb_built=&#8221;1&#8243; make_equal=&#8221;on&#8221; use_custom_gutter=&#8221;on&#8221; gutter_width=&#8221;2&#8243; specialty=&#8221;on&#8221; custom_padding_last_edited=&#8221;on|phone&#8221; padding_top_1=&#8221;115px&#8221; padding_top_2=&#8221;115px&#8221; padding_bottom_1=&#8221;115px&#8221; padding_bottom_2=&#8221;115px&#8221; padding_left_2=&#8221;50px&#8221; padding_top_bottom_link_1=&#8221;true&#8221; padding_top_bottom_link_2=&#8221;true&#8221; padding_left_right_link_1=&#8221;false&#8221; padding_left_right_link_2=&#8221;false&#8221; padding_1_tablet=&#8221;0px||0px||true|false&#8221; padding_2_tablet=&#8221;60px||60px|0px|true|false&#8221; padding_1_phone=&#8221;32px||||false|false&#8221; padding_2_phone=&#8221;||||false|false&#8221; padding_1_last_edited=&#8221;on|tablet&#8221; padding_2_last_edited=&#8221;on|tablet&#8221; module_class_1=&#8221;order-2&#8243; custom_css_before_2=&#8221;position:absolute;||content:%22%22;||background:#115eb6;||width:280px;||height:100%;||right:0;||top:0;||bottom:0&#8243; admin_label=&#8221;Why Choose Area&#8221; module_class=&#8221;why-chooseus-area&#8221; _builder_version=&#8221;4.27.4&#8243; _module_preset=&#8221;default&#8221; inner_width=&#8221;90%&#8221; inner_max_width=&#8221;1200px&#8221; custom_padding=&#8221;0px||0px||true|false&#8221; custom_padding_tablet=&#8221;0px||0px||false|false&#8221; custom_padding_phone=&#8221;0px||40px||false|false&#8221; custom_css_free_form=&#8221;||||||@media only screen and (max-width: 768px) {||  .why-chooseus-area .et_pb_row {||    display: flex;||flex-direction: column;||}||  .order-2{||    order:2||  }||}&#8221; locked=&#8221;off&#8221; collapsed=&#8221;on&#8221; global_colors_info=&#8221;{}&#8221;][et_pb_column type=&#8221;1_2&#8243; specialty_columns=&#8221;2&#8243; _builder_version=&#8221;4.16&#8243; custom_padding=&#8221;|||&#8221; global_colors_info=&#8221;{}&#8221; custom_padding__hover=&#8221;|||&#8221;][et_pb_row_inner use_custom_gutter=&#8221;on&#8221; gutter_width=&#8221;2&#8243; make_equal=&#8221;on&#8221; _builder_version=&#8221;4.27.4&#8243; _module_preset=&#8221;default&#8221; custom_padding=&#8221;0px||24px||false|false&#8221; locked=&#8221;off&#8221; global_colors_info=&#8221;{}&#8221;][et_pb_column_inner saved_specialty_column_type=&#8221;1_2&#8243; _builder_version=&#8221;4.27.4&#8243; _module_preset=&#8221;default&#8221; global_colors_info=&#8221;{}&#8221;][et_pb_text _builder_version=&#8221;4.27.4&#8243; _module_preset=&#8221;default&#8221; header_text_color=&#8221;#161616&#8243; header_font_size=&#8221;70px&#8221; header_line_height=&#8221;120%&#8221; header_2_font=&#8221;&#8211;et_global_heading_font|&#8211;et_global_heading_font_weight|||||||&#8221; header_2_text_align=&#8221;left&#8221; header_2_text_color=&#8221;gcid-c1ac8567-e125-48f9-b965-be1847180768&#8243; header_2_font_size=&#8221;48px&#8221; header_2_line_height=&#8221;120%&#8221; header_4_font=&#8221;&#8211;et_global_heading_font|&#8211;et_global_heading_font_weight||on|||||&#8221; header_4_text_align=&#8221;left&#8221; header_4_text_color=&#8221;gcid-dbc95d21-904d-45a9-8e0d-0b280b650812&#8243; max_width=&#8221;700px&#8221; module_alignment=&#8221;center&#8221; custom_margin=&#8221;||0px||false|false&#8221; animation_style=&#8221;fade&#8221; header_2_font_size_tablet=&#8221;40px&#8221; header_2_font_size_phone=&#8221;32px&#8221; header_2_font_size_last_edited=&#8221;on|phone&#8221; locked=&#8221;off&#8221; global_colors_info=&#8221;{%22gcid-dbc95d21-904d-45a9-8e0d-0b280b650812%22:%91%22header_4_text_color%22%93,%22gcid-c1ac8567-e125-48f9-b965-be1847180768%22:%91%22header_2_text_color%22%93}&#8221;]<h4 style=\"padding-bottom: 24px;\">Transport w ca\u0142ej UE<\/h4>\n<h2>Nasze g\u0142\u00f3wne kierunki transportowe to:<\/h2>[\/et_pb_text][\/et_pb_column_inner][\/et_pb_row_inner][et_pb_row_inner use_custom_gutter=&#8221;on&#8221; gutter_width=&#8221;2&#8243; make_equal=&#8221;on&#8221; _builder_version=&#8221;4.27.4&#8243; _module_preset=&#8221;default&#8221; custom_padding=&#8221;0px||0px||true|false&#8221; locked=&#8221;off&#8221; global_colors_info=&#8221;{}&#8221;][et_pb_column_inner saved_specialty_column_type=&#8221;1_2&#8243; _builder_version=&#8221;4.27.4&#8243; _module_preset=&#8221;default&#8221; global_colors_info=&#8221;{}&#8221; custom_css_main_element_last_edited=&#8221;on|phone&#8221; custom_css_main_element_phone=&#8221;margin-bottom:0!important&#8221;][et_pb_text _builder_version=&#8221;4.27.4&#8243; _module_preset=&#8221;default&#8221; text_font=&#8221;&#8211;et_global_heading_font|&#8211;et_global_body_font_weight|||||||&#8221; text_text_color=&#8221;#7c858c&#8221; text_font_size=&#8221;16px&#8221; text_line_height=&#8221;160%&#8221; custom_margin=&#8221;20px||||false|false&#8221; animation_style=&#8221;fade&#8221; animation_delay=&#8221;100ms&#8221; locked=&#8221;off&#8221; global_colors_info=&#8221;{}&#8221;]<ul>\n<li><strong>Niemcy<\/strong> \u2013 gdzie realizujemy codzienne dostawy cz\u0119\u015bci samochodowych dla renomowanych sieci dealerskich <strong>Mercedes-Benz i Volvo<\/strong>. To rynek, na kt\u00f3rym liczy si\u0119 nie tylko jako\u015b\u0107, ale te\u017c niezawodna logistyka \u2013 i w\u0142a\u015bnie dlatego jeste\u015bmy tam obecni ka\u017cdego dnia.<\/li>\n<li><strong>Holandia<\/strong> \u2013 nasz strategiczny punkt operacyjny i jeden z g\u0142\u00f3wnych obszar\u00f3w dzia\u0142ania. Wsp\u00f3\u0142pracujemy z holenderskimi spedycjami i obs\u0142ugujemy zar\u00f3wno sta\u0142e trasy, jak i elastyczne zlecenia w formule \u201ejust-in-time\u201d.<\/li>\n<li><strong>Francja, W\u0142ochy, Hiszpania, Portugalia<\/strong> \u2013 trasy po\u0142udniowe realizujemy regularnie, dostarczaj\u0105c szeroki wachlarz towar\u00f3w \u2013 od artyku\u0142\u00f3w przemys\u0142owych, przez sprz\u0119t budowlany i elementy dekoracyjne, po meble, opakowania, tekstylia i towary produkcyjne.<\/li>\n<li><strong>Belgia, Austria, Czechy, Dania<\/strong> \u2013 kierunki rozwijaj\u0105ce si\u0119 dynamicznie, w kt\u00f3rych obs\u0142ugujemy zar\u00f3wno klient\u00f3w korporacyjnych, jak i ma\u0142ych dostawc\u00f3w potrzebuj\u0105cych pewnego transportu do wymagaj\u0105cych odbiorc\u00f3w.<\/li>\n<\/ul>[\/et_pb_text][\/et_pb_column_inner][\/et_pb_row_inner][\/et_pb_column][et_pb_column type=&#8221;1_2&#8243; _builder_version=&#8221;4.16&#8243; custom_padding=&#8221;|||&#8221; global_colors_info=&#8221;{}&#8221; custom_padding__hover=&#8221;|||&#8221;][et_pb_image src=&#8221;https:\/\/sipb-group.pl\/wp-content\/uploads\/2025\/10\/PHOTO-2025-05-30-13-01-01-1.webp&#8221; title_text=&#8221;PHOTO-2025-05-30-13-01-01&#8243; force_fullwidth=&#8221;on&#8221; module_class=&#8221;full-images-height   object-fit &#8221; _builder_version=&#8221;4.27.4&#8243; _module_preset=&#8221;default&#8221; height=&#8221;100%&#8221; height_tablet=&#8221;400px&#8221; height_phone=&#8221;400px&#8221; height_last_edited=&#8221;on|tablet&#8221; custom_margin_tablet=&#8221;&#8221; custom_margin_phone=&#8221;||||false|false&#8221; custom_margin_last_edited=&#8221;on|phone&#8221; custom_padding=&#8221;|80px|||false|false&#8221; custom_padding_tablet=&#8221;|80px|||false|false&#8221; custom_padding_phone=&#8221;|50px|||false|false&#8221; custom_padding_last_edited=&#8221;on|phone&#8221; custom_css_main_element=&#8221;height:100%;&#8221; custom_css_free_form=&#8221;selector img{||  object-fit: cover;||}&#8221; locked=&#8221;off&#8221; global_colors_info=&#8221;{}&#8221;][\/et_pb_image][\/et_pb_column][\/et_pb_section]","protected":false},"excerpt":{"rendered":"<p>Wyselekcjonowane trasy w UE Szlaki EuropyOferta Europejskie trasy, kt\u00f3re pokonujemy dla CiebieNasze trasy \u2013 zaufany transport w sercu Europy SIPB-GROUP to firma, kt\u00f3ra nie uznaje granic tam, gdzie liczy si\u0119 skuteczno\u015b\u0107.Codziennie nasze pojazdy przemierzaj\u0105 europejskie drogi, realizuj\u0105c dostawy z precyzj\u0105, kt\u00f3ra sta\u0142a si\u0119 naszym znakiem rozpoznawczym. Dzi\u0119ki sta\u0142ej wsp\u00f3\u0142pracy ze spedycjami zlokalizowanymi na terenie Holandii, [&hellip;]<\/p>","protected":false},"author":1,"featured_media":0,"parent":0,"menu_order":0,"comment_status":"closed","ping_status":"closed","template":"","meta":{"_et_pb_use_builder":"on","_et_pb_old_content":"<!-- wp:divi\/placeholder \/-->","_et_gb_content_width":"","footnotes":""},"class_list":["post-20755","page","type-page","status-publish","hentry"],"_links":{"self":[{"href":"https:\/\/sipb-group.pl\/de\/wp-json\/wp\/v2\/pages\/20755","targetHints":{"allow":["GET"]}}],"collection":[{"href":"https:\/\/sipb-group.pl\/de\/wp-json\/wp\/v2\/pages"}],"about":[{"href":"https:\/\/sipb-group.pl\/de\/wp-json\/wp\/v2\/types\/page"}],"author":[{"embeddable":true,"href":"https:\/\/sipb-group.pl\/de\/wp-json\/wp\/v2\/users\/1"}],"replies":[{"embeddable":true,"href":"https:\/\/sipb-group.pl\/de\/wp-json\/wp\/v2\/comments?post=20755"}],"version-history":[{"count":11,"href":"https:\/\/sipb-group.pl\/de\/wp-json\/wp\/v2\/pages\/20755\/revisions"}],"predecessor-version":[{"id":21414,"href":"https:\/\/sipb-group.pl\/de\/wp-json\/wp\/v2\/pages\/20755\/revisions\/21414"}],"wp:attachment":[{"href":"https:\/\/sipb-group.pl\/de\/wp-json\/wp\/v2\/media?parent=20755"}],"curies":[{"name":"wp","href":"https:\/\/api.w.org\/{rel}","templated":true}]}}