{"id":20769,"date":"2025-09-29T19:21:55","date_gmt":"2025-09-29T17:21:55","guid":{"rendered":"https:\/\/sipb-group.pl\/?page_id=20769"},"modified":"2025-12-12T20:00:30","modified_gmt":"2025-12-12T19:00:30","slug":"licencje","status":"publish","type":"page","link":"https:\/\/sipb-group.pl\/de\/licencje\/","title":{"rendered":"Lizenzen"},"content":{"rendered":"[et_pb_section fb_built=&#8221;1&#8243; custom_padding_last_edited=&#8221;on|tablet&#8221; admin_label=&#8221;Hero Area&#8221; module_id=&#8221;home&#8221; module_class=&#8221;section-id&#8221; _builder_version=&#8221;4.27.4&#8243; _module_preset=&#8221;default&#8221; background_image=&#8221;https:\/\/sipb-group.pl\/wp-content\/uploads\/2025\/10\/bus.webp&#8221; overflow-x=&#8221;hidden&#8221; overflow-y=&#8221;hidden&#8221; custom_padding=&#8221;230px||115px||false|false&#8221; custom_padding_tablet=&#8221;200px||80px||false|false&#8221; custom_padding_phone=&#8221;230px||80px||false|false&#8221; custom_css_before=&#8221;    position: absolute;||    content: %22%22;||    background: #115eb6;||    width: 300px;||    height: 300%;||    top: -788px;||    right: 0;||    clip-path: polygon(25% 0%, 100% 0%, 75% 100%, 0% 100%);||    transform: rotate(23deg);||z-index:1||&#8221; custom_css_after=&#8221;    position: absolute;||||    background: #80d018;||    width: 300px;||    height: 100%;||    bottom:-200px;||    right: 330px;||    clip-path: polygon(25% 0%, 100% 0%, 75% 100%, 0% 100%);||    transform: rotate(23deg);||||&#8221; collapsed=&#8221;on&#8221; global_colors_info=&#8221;{}&#8221; custom_css_before_last_edited=&#8221;off|desktop&#8221; custom_css_before_tablet=&#8221;    position: absolute;||    content: %22%22;||    background: #ed6700;||    width: 300px;||    height: 50%;||    bottom:-300px;||    right: 0;||    clip-path: polygon(25% 0%, 100% 0%, 75% 100%, 0% 100%);||    transform: rotate(23deg);||||&#8221; custom_css_after_last_edited=&#8221;off|desktop&#8221; custom_css_after_tablet=&#8221; &#8221; custom_css_before_phone=&#8221;    position: absolute;||    content: %22%22;||    background: #ed6700;||    width: 300px;||    height: 50%;||    bottom:-300px;||    right: 0;||    clip-path: polygon(25% 0%, 100% 0%, 75% 100%, 0% 100%);||    transform: rotate(23deg);||||&#8221; custom_css_after_phone=&#8221; &#8222;][et_pb_row use_custom_gutter=&#8221;on&#8221; gutter_width=&#8221;2&#8243; make_equal=&#8221;on&#8221; _builder_version=&#8221;4.27.4&#8243; _module_preset=&#8221;default&#8221; z_index=&#8221;99&#8243; width=&#8221;90%&#8221; max_width=&#8221;1200px&#8221; custom_padding=&#8221;0px||0px||true|false&#8221; global_colors_info=&#8221;{}&#8221;][et_pb_column type=&#8221;4_4&#8243; _builder_version=&#8221;4.27.4&#8243; _module_preset=&#8221;default&#8221; global_colors_info=&#8221;{}&#8221;][et_pb_text _builder_version=&#8221;4.27.4&#8243; _module_preset=&#8221;default&#8221; header_font=&#8221;&#8211;et_global_heading_font|&#8211;et_global_heading_font_weight|||||||&#8221; header_text_color=&#8221;#FFFFFF&#8221; header_font_size=&#8221;70px&#8221; header_2_font=&#8221;&#8211;et_global_heading_font|&#8211;et_global_heading_font_weight|||||||&#8221; header_2_text_color=&#8221;#115eb6&#8243; header_2_font_size=&#8221;42px&#8221; header_4_font=&#8221;&#8211;et_global_heading_font|&#8211;et_global_heading_font_weight||on|||||&#8221; header_4_text_color=&#8221;gcid-dbc95d21-904d-45a9-8e0d-0b280b650812&#8243; max_width=&#8221;80%&#8221; custom_margin=&#8221;||0px||false|false&#8221; custom_padding=&#8221;32px||32px|32px|true|false&#8221; animation_style=&#8221;fade&#8221; header_font_size_tablet=&#8221;55px&#8221; header_font_size_phone=&#8221;42px&#8221; header_font_size_last_edited=&#8221;on|phone&#8221; custom_css_before=&#8221;position:absolute;||content:%22%22;||border:8px solid #80d018;||width:30%;||height:100%;||left:0;||top:0;||border-right:0&#8243; custom_css_free_form=&#8221;selector h2{||  padding-bottom: 0 !important;||}&#8221; global_colors_info=&#8221;{%22gcid-dbc95d21-904d-45a9-8e0d-0b280b650812%22:%91%22header_4_text_color%22%93}&#8221;]<h4 style=\"padding-bottom: 32px;\">certyfikaty, kt\u00f3re potwierdzaj\u0105 jako\u015b\u0107<\/h4>\n<h2 style=\"padding-bottom: 32px;\">Autoryzacja<\/h2>[\/et_pb_text][\/et_pb_column][\/et_pb_row][\/et_pb_section][et_pb_section fb_built=&#8221;1&#8243; _builder_version=&#8221;4.27.4&#8243; _module_preset=&#8221;default&#8221; background_color=&#8221;gcid-45f37cac-00da-49ed-8be7-49d99db8ebb9&#8243; custom_padding=&#8221;40px||40px||true|false&#8221; locked=&#8221;off&#8221; global_colors_info=&#8221;{%22gcid-45f37cac-00da-49ed-8be7-49d99db8ebb9%22:%91%22background_color%22%93}&#8221;][et_pb_row use_custom_gutter=&#8221;on&#8221; gutter_width=&#8221;2&#8243; make_equal=&#8221;on&#8221; _builder_version=&#8221;4.27.4&#8243; _module_preset=&#8221;default&#8221; width=&#8221;90%&#8221; max_width=&#8221;1200px&#8221; custom_padding=&#8221;0px||50px||false|false&#8221; hover_enabled=&#8221;0&#8243; locked=&#8221;off&#8221; global_colors_info=&#8221;{}&#8221; sticky_enabled=&#8221;0&#8243;][et_pb_column type=&#8221;4_4&#8243; _builder_version=&#8221;4.27.4&#8243; _module_preset=&#8221;default&#8221; global_colors_info=&#8221;{}&#8221;][et_pb_text _builder_version=&#8221;4.27.4&#8243; _module_preset=&#8221;default&#8221; header_text_color=&#8221;#161616&#8243; header_font_size=&#8221;70px&#8221; header_line_height=&#8221;120%&#8221; header_2_font=&#8221;&#8211;et_global_heading_font|&#8211;et_global_heading_font_weight|||||||&#8221; header_2_text_color=&#8221;gcid-c1ac8567-e125-48f9-b965-be1847180768&#8243; header_2_font_size=&#8221;48px&#8221; header_2_line_height=&#8221;120%&#8221; header_4_font=&#8221;Poppins|&#8211;et_global_heading_font_weight||on|||||&#8221; header_4_text_color=&#8221;gcid-dbc95d21-904d-45a9-8e0d-0b280b650812&#8243; max_width=&#8221;100%&#8221; custom_margin=&#8221;||0px||false|false&#8221; animation_style=&#8221;fade&#8221; hover_enabled=&#8221;0&#8243; header_2_font_size_tablet=&#8221;40px&#8221; header_2_font_size_phone=&#8221;32px&#8221; header_2_font_size_last_edited=&#8221;on|phone&#8221; locked=&#8221;off&#8221; global_colors_info=&#8221;{%22gcid-dbc95d21-904d-45a9-8e0d-0b280b650812%22:%91%22header_4_text_color%22%93,%22gcid-c1ac8567-e125-48f9-b965-be1847180768%22:%91%22header_2_text_color%22%93}&#8221; sticky_enabled=&#8221;0&#8243;]<h4 style=\"padding-bottom: 32px;\">Uprawnienia i licencje dla SIPB-GROUP sp\u00f3\u0142ka z.o.o<\/h4>\n<h2>Licencja wsp\u00f3lnotowa UE \u2013 mi\u0119dzynarodowy transport drogowy<\/h2>[\/et_pb_text][et_pb_text _builder_version=&#8221;4.27.4&#8243; _module_preset=&#8221;default&#8221; text_font=&#8221;&#8211;et_global_heading_font|&#8211;et_global_body_font_weight|||||||&#8221; text_text_color=&#8221;#7c858c&#8221; text_font_size=&#8221;16px&#8221; text_line_height=&#8221;160%&#8221; custom_margin=&#8221;20px||||false|false&#8221; animation_style=&#8221;fade&#8221; animation_delay=&#8221;100ms&#8221; hover_enabled=&#8221;0&#8243; global_colors_info=&#8221;{}&#8221; sticky_enabled=&#8221;0&#8243;]<p>Nasza sp\u00f3\u0142ka posiada<span>\u00a0<\/span><strong>Mi\u0119dzynarodow\u0105 Licencj\u0119 Transportow\u0105<\/strong>, wydan\u0105 przez G\u0142\u00f3wny Inspektorat Transportu Drogowego (GITD). Dokument ten uprawnia firm\u0119 do wykonywania przewoz\u00f3w rzeczy<span>\u00a0<\/span><strong>na terenie wszystkich pa\u0144stw Unii Europejskiej<\/strong>.<\/p>\n<p>Licencja zosta\u0142a wydana zgodnie z przepisami Rozporz\u0105dzenia (WE) nr 1072\/2009 Parlamentu Europejskiego i Rady, potwierdzaj\u0105c spe\u0142nienie wymog\u00f3w w zakresie:<\/p>\n<ul>\n<li>\n<p>zdolno\u015bci finansowej,<\/p>\n<\/li>\n<li>\n<p>dobrej reputacji przedsi\u0119biorcy,<\/p>\n<\/li>\n<li>\n<p>kompetencji zawodowych zarz\u0105dzaj\u0105cego transportem.<\/p>\n<\/li>\n<\/ul>\n<p><strong>Zakres uprawnie\u0144:<\/strong><\/p>\n<ul>\n<li>\n<p>mi\u0119dzynarodowy transport drogowy towar\u00f3w,<\/p>\n<\/li>\n<li>\n<p>przewozy kabota\u017cowe na terenie kraj\u00f3w UE,<\/p>\n<\/li>\n<li>\n<p>przewozy realizowane flot\u0105 pojazd\u00f3w do i powy\u017cej 3,5 t DMC.<\/p>\n<\/li>\n<\/ul>[\/et_pb_text][\/et_pb_column][\/et_pb_row][et_pb_row use_custom_gutter=&#8221;on&#8221; gutter_width=&#8221;2&#8243; make_equal=&#8221;on&#8221; _builder_version=&#8221;4.27.4&#8243; _module_preset=&#8221;default&#8221; width=&#8221;90%&#8221; max_width=&#8221;1200px&#8221; custom_padding=&#8221;0px||50px||false|false&#8221; hover_enabled=&#8221;0&#8243; locked=&#8221;off&#8221; global_colors_info=&#8221;{}&#8221; sticky_enabled=&#8221;0&#8243;][et_pb_column type=&#8221;4_4&#8243; _builder_version=&#8221;4.27.4&#8243; _module_preset=&#8221;default&#8221; global_colors_info=&#8221;{}&#8221;][et_pb_text _builder_version=&#8221;4.27.4&#8243; _module_preset=&#8221;default&#8221; header_text_color=&#8221;#161616&#8243; header_font_size=&#8221;70px&#8221; header_line_height=&#8221;120%&#8221; header_2_font=&#8221;&#8211;et_global_heading_font|&#8211;et_global_heading_font_weight|||||||&#8221; header_2_text_color=&#8221;gcid-c1ac8567-e125-48f9-b965-be1847180768&#8243; header_2_font_size=&#8221;48px&#8221; header_2_line_height=&#8221;120%&#8221; header_4_font=&#8221;Poppins|&#8211;et_global_heading_font_weight||on|||||&#8221; header_4_text_color=&#8221;gcid-dbc95d21-904d-45a9-8e0d-0b280b650812&#8243; max_width=&#8221;100%&#8221; custom_margin=&#8221;||0px||false|false&#8221; animation_style=&#8221;fade&#8221; hover_enabled=&#8221;0&#8243; header_2_font_size_tablet=&#8221;40px&#8221; header_2_font_size_phone=&#8221;32px&#8221; header_2_font_size_last_edited=&#8221;on|phone&#8221; locked=&#8221;off&#8221; global_colors_info=&#8221;{%22gcid-dbc95d21-904d-45a9-8e0d-0b280b650812%22:%91%22header_4_text_color%22%93,%22gcid-c1ac8567-e125-48f9-b965-be1847180768%22:%91%22header_2_text_color%22%93}&#8221; sticky_enabled=&#8221;0&#8243;]<h4 style=\"padding-bottom: 32px;\">Uprawnienia i licencje dla SIPB-GROUP sp\u00f3\u0142ka z.o.o<\/h4>\n<h2>Rejestr VIHB \u2013 Kr\u00f3lestwo Niderland\u00f3w (NIWO)<\/h2>[\/et_pb_text][et_pb_text _builder_version=&#8221;4.27.4&#8243; _module_preset=&#8221;default&#8221; text_font=&#8221;&#8211;et_global_heading_font|&#8211;et_global_body_font_weight|||||||&#8221; text_text_color=&#8221;#7c858c&#8221; text_font_size=&#8221;16px&#8221; text_line_height=&#8221;160%&#8221; custom_margin=&#8221;20px||||false|false&#8221; animation_style=&#8221;fade&#8221; animation_delay=&#8221;100ms&#8221; hover_enabled=&#8221;0&#8243; global_colors_info=&#8221;{}&#8221; sticky_enabled=&#8221;0&#8243;]<p>Nasza sp\u00f3\u0142ka jest wpisana do rejestru<span>\u00a0<\/span><strong>VIHB<\/strong><span>\u00a0<\/span>prowadzonego przez<br \/><strong>NIWO \u2013 Nationale en Internationale Wegvervoer Organisatie (Holandia)<\/strong>.<\/p>\n<p><strong>Numer VIHB:<\/strong><span>\u00a0<\/span>546159VXXX<br \/><strong>Status:<\/strong><span>\u00a0<\/span>wa\u017cny bezterminowo<\/p>\n<p>Wpis potwierdza spe\u0142nienie wymog\u00f3w w zakresie:<\/p>\n<ul>\n<li>\n<p>wiarygodno\u015bci operacyjnej,<\/p>\n<\/li>\n<li>\n<p>kompetencji zawodowych,<\/p>\n<\/li>\n<li>\n<p>zgodno\u015bci z przepisami dotycz\u0105cymi gospodarki odpadami w Kr\u00f3lestwie Niderland\u00f3w.<\/p>\n<\/li>\n<\/ul>\n<p><strong>Zakres uprawnie\u0144:<\/strong><\/p>\n<ul>\n<li>\n<p>transport odpad\u00f3w,<\/p>\n<\/li>\n<li>\n<p>zbieranie odpad\u00f3w,<\/p>\n<\/li>\n<li>\n<p>handel odpadami,<\/p>\n<\/li>\n<li>\n<p>po\u015brednictwo w obrocie odpadami na terenie Holandii.<\/p>\n<\/li>\n<\/ul>\n<ul><\/ul>[\/et_pb_text][\/et_pb_column][\/et_pb_row][et_pb_row use_custom_gutter=&#8221;on&#8221; gutter_width=&#8221;2&#8243; make_equal=&#8221;on&#8221; _builder_version=&#8221;4.27.4&#8243; _module_preset=&#8221;default&#8221; width=&#8221;90%&#8221; max_width=&#8221;1200px&#8221; custom_padding=&#8221;0px||50px||false|false&#8221; hover_enabled=&#8221;0&#8243; locked=&#8221;off&#8221; global_colors_info=&#8221;{}&#8221; sticky_enabled=&#8221;0&#8243;][et_pb_column type=&#8221;4_4&#8243; _builder_version=&#8221;4.27.4&#8243; _module_preset=&#8221;default&#8221; global_colors_info=&#8221;{}&#8221;][et_pb_text _builder_version=&#8221;4.27.4&#8243; _module_preset=&#8221;default&#8221; header_text_color=&#8221;#161616&#8243; header_font_size=&#8221;70px&#8221; header_line_height=&#8221;120%&#8221; header_2_font=&#8221;&#8211;et_global_heading_font|&#8211;et_global_heading_font_weight|||||||&#8221; header_2_text_color=&#8221;gcid-c1ac8567-e125-48f9-b965-be1847180768&#8243; header_2_font_size=&#8221;48px&#8221; header_2_line_height=&#8221;120%&#8221; header_4_font=&#8221;Poppins|&#8211;et_global_heading_font_weight||on|||||&#8221; header_4_text_color=&#8221;gcid-dbc95d21-904d-45a9-8e0d-0b280b650812&#8243; max_width=&#8221;100%&#8221; custom_margin=&#8221;||0px||false|false&#8221; animation_style=&#8221;fade&#8221; hover_enabled=&#8221;0&#8243; header_2_font_size_tablet=&#8221;40px&#8221; header_2_font_size_phone=&#8221;32px&#8221; header_2_font_size_last_edited=&#8221;on|phone&#8221; locked=&#8221;off&#8221; global_colors_info=&#8221;{%22gcid-dbc95d21-904d-45a9-8e0d-0b280b650812%22:%91%22header_4_text_color%22%93,%22gcid-c1ac8567-e125-48f9-b965-be1847180768%22:%91%22header_2_text_color%22%93}&#8221; sticky_enabled=&#8221;0&#8243;]<h4 style=\"padding-bottom: 32px;\">Uprawnienia i licencje dla SIPB-GROUP sp\u00f3\u0142ka z.o.o<\/h4>\n<h2>Licencja transportowa \u2013 Niemcy (do 3,5 t DMC)<\/h2>[\/et_pb_text][et_pb_text _builder_version=&#8221;4.27.4&#8243; _module_preset=&#8221;default&#8221; text_font=&#8221;&#8211;et_global_heading_font|&#8211;et_global_body_font_weight|||||||&#8221; text_text_color=&#8221;#7c858c&#8221; text_font_size=&#8221;16px&#8221; text_line_height=&#8221;160%&#8221; custom_margin=&#8221;20px||||false|false&#8221; animation_style=&#8221;fade&#8221; animation_delay=&#8221;100ms&#8221; hover_enabled=&#8221;0&#8243; global_colors_info=&#8221;{}&#8221; sticky_enabled=&#8221;0&#8243;]<p>Sp\u00f3\u0142ka posiada r\u00f3wnie\u017c uprawnienia do wykonywania transportu drogowego towar\u00f3w<span>\u00a0<\/span><strong>pojazdami do 3,5 t DMC<\/strong><span>\u00a0<\/span>na terytorium<span>\u00a0<\/span><strong>Republiki Federalnej Niemiec<\/strong>.<\/p>\n<p>Licencja potwierdza, \u017ce przedsi\u0119biorstwo spe\u0142nia wymagania niemieckich przepis\u00f3w dotycz\u0105cych:<\/p>\n<ul>\n<li>\n<p>kwalifikacji zawodowych,<\/p>\n<\/li>\n<li>\n<p>zdolno\u015bci finansowej,<\/p>\n<\/li>\n<li>\n<p>niekaralno\u015bci i wiarygodno\u015bci operacyjnej.<\/p>\n<\/li>\n<\/ul>\n<p>Uprawnienia obejmuj\u0105:<\/p>\n<ul>\n<li>\n<p>przewozy krajowe na terenie Niemiec,<\/p>\n<\/li>\n<li>\n<p>przewozy mi\u0119dzynarodowe do\/z Niemiec.<\/p>\n<\/li>\n<\/ul>\n<ul><\/ul>[\/et_pb_text][\/et_pb_column][\/et_pb_row][\/et_pb_section]","protected":false},"excerpt":{"rendered":"<p>certyfikaty, kt\u00f3re potwierdzaj\u0105 jako\u015b\u0107 AutoryzacjaUprawnienia i licencje dla SIPB-GROUP sp\u00f3\u0142ka z.o.o Licencja wsp\u00f3lnotowa UE \u2013 mi\u0119dzynarodowy transport drogowyNasza sp\u00f3\u0142ka posiada\u00a0Mi\u0119dzynarodow\u0105 Licencj\u0119 Transportow\u0105, wydan\u0105 przez G\u0142\u00f3wny Inspektorat Transportu Drogowego (GITD). Dokument ten uprawnia firm\u0119 do wykonywania przewoz\u00f3w rzeczy\u00a0na terenie wszystkich pa\u0144stw Unii Europejskiej. Licencja zosta\u0142a wydana zgodnie z przepisami Rozporz\u0105dzenia (WE) nr 1072\/2009 Parlamentu Europejskiego i [&hellip;]<\/p>","protected":false},"author":1,"featured_media":0,"parent":0,"menu_order":0,"comment_status":"closed","ping_status":"closed","template":"","meta":{"_et_pb_use_builder":"on","_et_pb_old_content":"<!-- wp:divi\/placeholder \/-->","_et_gb_content_width":"","footnotes":""},"class_list":["post-20769","page","type-page","status-publish","hentry"],"_links":{"self":[{"href":"https:\/\/sipb-group.pl\/de\/wp-json\/wp\/v2\/pages\/20769","targetHints":{"allow":["GET"]}}],"collection":[{"href":"https:\/\/sipb-group.pl\/de\/wp-json\/wp\/v2\/pages"}],"about":[{"href":"https:\/\/sipb-group.pl\/de\/wp-json\/wp\/v2\/types\/page"}],"author":[{"embeddable":true,"href":"https:\/\/sipb-group.pl\/de\/wp-json\/wp\/v2\/users\/1"}],"replies":[{"embeddable":true,"href":"https:\/\/sipb-group.pl\/de\/wp-json\/wp\/v2\/comments?post=20769"}],"version-history":[{"count":14,"href":"https:\/\/sipb-group.pl\/de\/wp-json\/wp\/v2\/pages\/20769\/revisions"}],"predecessor-version":[{"id":21422,"href":"https:\/\/sipb-group.pl\/de\/wp-json\/wp\/v2\/pages\/20769\/revisions\/21422"}],"wp:attachment":[{"href":"https:\/\/sipb-group.pl\/de\/wp-json\/wp\/v2\/media?parent=20769"}],"curies":[{"name":"wp","href":"https:\/\/api.w.org\/{rel}","templated":true}]}}