{"id":20753,"date":"2025-09-29T19:17:48","date_gmt":"2025-09-29T17:17:48","guid":{"rendered":"https:\/\/sipb-group.pl\/?page_id=20753"},"modified":"2025-12-12T19:53:53","modified_gmt":"2025-12-12T18:53:53","slug":"linia-klasy-biznes","status":"publish","type":"page","link":"https:\/\/sipb-group.pl\/fr\/linia-klasy-biznes\/","title":{"rendered":"Ligne en classe affaires"},"content":{"rendered":"[et_pb_section fb_built=&#8221;1&#8243; custom_padding_last_edited=&#8221;on|tablet&#8221; admin_label=&#8221;Hero Area&#8221; module_id=&#8221;home&#8221; module_class=&#8221;section-id&#8221; _builder_version=&#8221;4.27.4&#8243; _module_preset=&#8221;default&#8221; background_image=&#8221;https:\/\/sipb-group.pl\/wp-content\/uploads\/2025\/10\/bus.webp&#8221; overflow-x=&#8221;hidden&#8221; overflow-y=&#8221;hidden&#8221; custom_padding=&#8221;230px||115px||false|false&#8221; custom_padding_tablet=&#8221;200px||80px||false|false&#8221; custom_padding_phone=&#8221;230px||80px||false|false&#8221; custom_css_before=&#8221;    position: absolute;||    content: %22%22;||    background: #115eb6;||    width: 300px;||    height: 300%;||    top: -788px;||    right: 0;||    clip-path: polygon(25% 0%, 100% 0%, 75% 100%, 0% 100%);||    transform: rotate(23deg);||z-index:1||&#8221; custom_css_after=&#8221;    position: absolute;||||    background: #80d018;||    width: 300px;||    height: 100%;||    bottom:-200px;||    right: 330px;||    clip-path: polygon(25% 0%, 100% 0%, 75% 100%, 0% 100%);||    transform: rotate(23deg);||||&#8221; collapsed=&#8221;on&#8221; global_colors_info=&#8221;{}&#8221; custom_css_before_last_edited=&#8221;off|desktop&#8221; custom_css_before_tablet=&#8221;    position: absolute;||    content: %22%22;||    background: #ed6700;||    width: 300px;||    height: 50%;||    bottom:-300px;||    right: 0;||    clip-path: polygon(25% 0%, 100% 0%, 75% 100%, 0% 100%);||    transform: rotate(23deg);||||&#8221; custom_css_after_last_edited=&#8221;off|desktop&#8221; custom_css_after_tablet=&#8221; &#8221; custom_css_before_phone=&#8221;    position: absolute;||    content: %22%22;||    background: #ed6700;||    width: 300px;||    height: 50%;||    bottom:-300px;||    right: 0;||    clip-path: polygon(25% 0%, 100% 0%, 75% 100%, 0% 100%);||    transform: rotate(23deg);||||&#8221; custom_css_after_phone=&#8221; &#8222;][et_pb_row use_custom_gutter=&#8221;on&#8221; gutter_width=&#8221;2&#8243; make_equal=&#8221;on&#8221; _builder_version=&#8221;4.27.4&#8243; _module_preset=&#8221;default&#8221; z_index=&#8221;99&#8243; width=&#8221;90%&#8221; max_width=&#8221;1200px&#8221; custom_padding=&#8221;0px||0px||true|false&#8221; global_colors_info=&#8221;{}&#8221;][et_pb_column type=&#8221;4_4&#8243; _builder_version=&#8221;4.27.4&#8243; _module_preset=&#8221;default&#8221; global_colors_info=&#8221;{}&#8221;][et_pb_text _builder_version=&#8221;4.27.4&#8243; _module_preset=&#8221;default&#8221; header_font=&#8221;&#8211;et_global_heading_font|&#8211;et_global_heading_font_weight|||||||&#8221; header_text_color=&#8221;#FFFFFF&#8221; header_font_size=&#8221;70px&#8221; header_2_font=&#8221;&#8211;et_global_heading_font|&#8211;et_global_heading_font_weight|||||||&#8221; header_2_text_color=&#8221;#115eb6&#8243; header_2_font_size=&#8221;42px&#8221; header_4_font=&#8221;&#8211;et_global_heading_font|&#8211;et_global_heading_font_weight||on|||||&#8221; header_4_text_color=&#8221;gcid-dbc95d21-904d-45a9-8e0d-0b280b650812&#8243; max_width=&#8221;80%&#8221; custom_margin=&#8221;||0px||false|false&#8221; custom_padding=&#8221;32px||32px|32px|true|false&#8221; animation_style=&#8221;fade&#8221; header_font_size_tablet=&#8221;55px&#8221; header_font_size_phone=&#8221;42px&#8221; header_font_size_last_edited=&#8221;on|phone&#8221; custom_css_before=&#8221;position:absolute;||content:%22%22;||border:8px solid #80d018;||width:30%;||height:100%;||left:0;||top:0;||border-right:0&#8243; custom_css_free_form=&#8221;selector h2{||  padding-bottom: 0 !important;||}&#8221; global_colors_info=&#8221;{%22gcid-dbc95d21-904d-45a9-8e0d-0b280b650812%22:%91%22header_4_text_color%22%93}&#8221;]<h4 style=\"padding-bottom: 32px;\">Sprintery Long pour une logistique sans compromis<\/h4>\n<h2 style=\"padding-bottom: 32px;\">Classe Affaires<\/h2>[\/et_pb_text][\/et_pb_column][\/et_pb_row][\/et_pb_section][et_pb_section fb_built=&#8221;1&#8243; make_equal=&#8221;on&#8221; use_custom_gutter=&#8221;on&#8221; gutter_width=&#8221;2&#8243; specialty=&#8221;on&#8221; custom_padding_last_edited=&#8221;on|phone&#8221; padding_top_1=&#8221;0px&#8221; padding_top_2=&#8221;32px&#8221; padding_right_1=&#8221;80px&#8221; padding_bottom_1=&#8221;0px&#8221; padding_bottom_2=&#8221;32px&#8221; padding_top_bottom_link_1=&#8221;true&#8221; padding_top_bottom_link_2=&#8221;true&#8221; padding_left_right_link_1=&#8221;false&#8221; padding_left_right_link_2=&#8221;false&#8221; padding_1_tablet=&#8221;&#8221; padding_2_tablet=&#8221;0px||0px||true|false&#8221; padding_1_phone=&#8221;|32px|||false|false&#8221; padding_2_phone=&#8221;0px||0px||true|false&#8221; padding_1_last_edited=&#8221;on|phone&#8221; padding_2_last_edited=&#8221;on|tablet&#8221; admin_label=&#8221;About Area&#8221; module_id=&#8221;about&#8221; module_class=&#8221;section-id&#8221; _builder_version=&#8221;4.27.4&#8243; _module_preset=&#8221;default&#8221; inner_width=&#8221;90%&#8221; inner_max_width=&#8221;1200px&#8221; custom_padding=&#8221;80px||||false|false&#8221; custom_padding_tablet=&#8221;80px||40px||false|false&#8221; custom_padding_phone=&#8221;80px||||false|false&#8221; custom_css_free_form=&#8221;.full-images-height .et_pb_image_wrap {||    height: 100%;||  ||}||.object-fit img{||  object-fit:cover||}||||||||||@keyframes rotation {||  ||  0% { transform: translateY(0px); }||  25% { transform: translateY(-20px); } ||  ||  75% { transform: translateY(20px); } ||  ||  100% { transform: translateY(0px); }||  ||}&#8221; collapsed=&#8221;on&#8221; global_colors_info=&#8221;{}&#8221;][et_pb_column type=&#8221;1_2&#8243; _builder_version=&#8221;4.16&#8243; custom_padding=&#8221;|||&#8221; global_colors_info=&#8221;{}&#8221; custom_padding__hover=&#8221;|||&#8221;][et_pb_image src=&#8221;https:\/\/sipb-group.pl\/wp-content\/uploads\/2025\/10\/sipb002.webp&#8221; title_text=&#8221;sipb002&#8243; force_fullwidth=&#8221;on&#8221; module_id=&#8221;anchor&#8221; module_class=&#8221;full-images-height   object-fit &#8221; _builder_version=&#8221;4.27.4&#8243; _module_preset=&#8221;default&#8221; height_tablet=&#8221;400px&#8221; height_phone=&#8221;400px&#8221; height_last_edited=&#8221;on|phone&#8221; custom_padding=&#8221;32px|60px||32px|false|false&#8221; custom_padding_tablet=&#8221;32px|60px||32px|false|false&#8221; custom_padding_phone=&#8221;|0px|||false|false&#8221; custom_padding_last_edited=&#8221;on|phone&#8221; custom_css_before=&#8221;position:absolute;||content:%22%22;||background:#80d018;||width:200px;||height:200px;||top:0;||left:0;|| animation: rotation 3s linear infinite; &#8221; custom_css_main_element=&#8221;height:100%;&#8221; custom_css_free_form=&#8221;selector img{||  object-fit: contain !important;||}&#8221; global_colors_info=&#8221;{}&#8221;][\/et_pb_image][et_pb_image src=&#8221;https:\/\/sipb-group.pl\/wp-content\/uploads\/2025\/10\/PHOTO-2025-06-30-10-48-00-1.webp&#8221; title_text=&#8221;PHOTO-2025-06-30-10-48-00&#8243; module_class=&#8221;object-fit&#8221; _builder_version=&#8221;4.27.4&#8243; _module_preset=&#8221;default&#8221; positioning=&#8221;absolute&#8221; position_origin_a=&#8221;bottom_right&#8221; horizontal_offset=&#8221;40px&#8221; z_index=&#8221;99&#8243; horizontal_offset_tablet=&#8221;40px&#8221; horizontal_offset_phone=&#8221;0px&#8221; horizontal_offset_last_edited=&#8221;on|phone&#8221; width=&#8221;250px&#8221; width_tablet=&#8221;250px&#8221; width_phone=&#8221;200px&#8221; width_last_edited=&#8221;on|phone&#8221; height=&#8221;300px&#8221; height_tablet=&#8221;200px&#8221; height_phone=&#8221;200px&#8221; height_last_edited=&#8221;on|tablet&#8221; custom_margin=&#8221;||0px||false|false&#8221; border_width_all=&#8221;5px&#8221; border_color_all=&#8221;#FFFFFF&#8221; global_colors_info=&#8221;{}&#8221;][\/et_pb_image][\/et_pb_column][et_pb_column type=&#8221;1_2&#8243; specialty_columns=&#8221;2&#8243; _builder_version=&#8221;4.16&#8243; custom_padding=&#8221;|||&#8221; global_colors_info=&#8221;{}&#8221; custom_padding__hover=&#8221;|||&#8221;][et_pb_row_inner _builder_version=&#8221;4.27.4&#8243; _module_preset=&#8221;default&#8221; custom_padding=&#8221;0px||0px||false|false&#8221; global_colors_info=&#8221;{}&#8221;][et_pb_column_inner saved_specialty_column_type=&#8221;1_2&#8243; _builder_version=&#8221;4.27.4&#8243; _module_preset=&#8221;default&#8221; global_colors_info=&#8221;{}&#8221;][et_pb_text _builder_version=&#8221;4.27.4&#8243; _module_preset=&#8221;default&#8221; header_text_color=&#8221;#161616&#8243; header_font_size=&#8221;70px&#8221; header_line_height=&#8221;120%&#8221; header_2_font=&#8221;&#8211;et_global_heading_font|&#8211;et_global_heading_font_weight|||||||&#8221; header_2_text_color=&#8221;gcid-c1ac8567-e125-48f9-b965-be1847180768&#8243; header_2_font_size=&#8221;48px&#8221; header_2_line_height=&#8221;120%&#8221; header_4_font=&#8221;Poppins|&#8211;et_global_heading_font_weight||on|||||&#8221; header_4_text_color=&#8221;gcid-dbc95d21-904d-45a9-8e0d-0b280b650812&#8243; max_width=&#8221;700px&#8221; custom_margin=&#8221;||0px||false|false&#8221; animation_style=&#8221;fade&#8221; header_2_font_size_tablet=&#8221;40px&#8221; header_2_font_size_phone=&#8221;32px&#8221; header_2_font_size_last_edited=&#8221;on|phone&#8221; locked=&#8221;off&#8221; global_colors_info=&#8221;{%22gcid-dbc95d21-904d-45a9-8e0d-0b280b650812%22:%91%22header_4_text_color%22%93,%22gcid-c1ac8567-e125-48f9-b965-be1847180768%22:%91%22header_2_text_color%22%93}&#8221;]<h4 style=\"padding-bottom: 32px;\">Offre<\/h4>\n<h2>Sprintery Long pour les exigeants<\/h2>[\/et_pb_text][et_pb_text _builder_version=&#8221;4.27.4&#8243; _module_preset=&#8221;default&#8221; text_font=&#8221;&#8211;et_global_heading_font|&#8211;et_global_body_font_weight|||||||&#8221; text_text_color=&#8221;#7c858c&#8221; text_font_size=&#8221;16px&#8221; text_line_height=&#8221;160%&#8221; custom_margin=&#8221;20px||||false|false&#8221; animation_style=&#8221;fade&#8221; animation_delay=&#8221;100ms&#8221; global_colors_info=&#8221;{}&#8221;]<p><strong>Mercedes-Benz Sprinter Long \u2013 espace, pr\u00e9cision, livraison assur\u00e9e<\/strong><\/p>\n<p>Dans la logistique, chaque d\u00e9tail compte \u2013 et l'un des plus importants est <strong>flexibilit\u00e9 de l'espace de chargement<\/strong>, qui permet de s'adapter \u00e0 une grande vari\u00e9t\u00e9 de missions pour les clients. C'est pourquoi, dans notre flotte<strong> SIPB-GROUP<\/strong> ne pouvait manquer l'un des mod\u00e8les de transport les plus fiables et appr\u00e9ci\u00e9s d'Europe \u2013 <strong>Mercedes-Benz Sprinter Long.<\/strong><\/p>\n<p>Voici un v\u00e9hicule qui associe <strong>capacit\u00e9 sup\u00e9rieure \u00e0 la moyenne<\/strong>, <strong>faible consommation de carburant, confort conducteur et avantage technologique<\/strong>, gr\u00e2ce \u00e0 laquelle chaque transport r\u00e9alis\u00e9 avec ce mod\u00e8le est une logistique pure \u2013 r\u00e9fl\u00e9chie du d\u00e9but \u00e0 la fin.<\/p>[\/et_pb_text][\/et_pb_column_inner][\/et_pb_row_inner][\/et_pb_column][\/et_pb_section][et_pb_section fb_built=&#8221;1&#8243; _builder_version=&#8221;4.27.4&#8243; _module_preset=&#8221;default&#8221; background_color=&#8221;gcid-45f37cac-00da-49ed-8be7-49d99db8ebb9&#8243; custom_padding=&#8221;40px||40px||true|false&#8221; global_colors_info=&#8221;{%22gcid-45f37cac-00da-49ed-8be7-49d99db8ebb9%22:%91%22background_color%22%93}&#8221;][et_pb_row column_structure=&#8221;1_2,1_2&#8243; _builder_version=&#8221;4.27.4&#8243; _module_preset=&#8221;default&#8221; width=&#8221;90%&#8221; max_width=&#8221;1200px&#8221; custom_padding=&#8221;12px||12px||true|false&#8221; global_colors_info=&#8221;{}&#8221;][et_pb_column type=&#8221;1_2&#8243; _builder_version=&#8221;4.27.4&#8243; _module_preset=&#8221;default&#8221; global_colors_info=&#8221;{}&#8221;][et_pb_text _builder_version=&#8221;4.27.4&#8243; _module_preset=&#8221;default&#8221; text_font=&#8221;&#8211;et_global_heading_font|&#8211;et_global_body_font_weight|||||||&#8221; text_text_color=&#8221;#7c858c&#8221; text_font_size=&#8221;16px&#8221; text_line_height=&#8221;160%&#8221; custom_margin=&#8221;20px||||false|false&#8221; animation_style=&#8221;fade&#8221; animation_delay=&#8221;100ms&#8221; global_colors_info=&#8221;{}&#8221;]<p><strong>Mercedes Sprinter en version Long<\/strong> offre beaucoup plus d'espace que les fourgons standard, tout en conservant une maniabilit\u00e9 et une dynamique de conduite compl\u00e8tes \u2013 m\u00eame dans les rues \u00e9troites des centres-villes ou sur les routes industrielles encombr\u00e9es. C'est la solution id\u00e9ale pour les transports :<\/p>\n<ul>\n<li><strong>gabarytowych<\/strong>,<\/li>\n<li><strong>sur plusieurs palettes<\/strong>,<\/li>\n<li><strong>pour les grosses commandes en gros<\/strong>,<\/li>\n<li>ainsi que <strong>pour les marchandises n\u00e9cessitant une subdivision de l'espace int\u00e9rieur<\/strong>.<\/li>\n<\/ul>[\/et_pb_text][\/et_pb_column][et_pb_column type=&#8221;1_2&#8243; _builder_version=&#8221;4.27.4&#8243; _module_preset=&#8221;default&#8221; global_colors_info=&#8221;{}&#8221;][et_pb_text _builder_version=&#8221;4.27.4&#8243; _module_preset=&#8221;default&#8221; text_font=&#8221;&#8211;et_global_heading_font|&#8211;et_global_body_font_weight|||||||&#8221; text_text_color=&#8221;#7c858c&#8221; text_font_size=&#8221;16px&#8221; text_line_height=&#8221;160%&#8221; custom_margin=&#8221;20px||||false|false&#8221; animation_style=&#8221;fade&#8221; animation_delay=&#8221;100ms&#8221; global_colors_info=&#8221;{}&#8221;]<p>L'int\u00e9rieur du Sprinter Long est adapt\u00e9 au transport de :<\/p>\n<ul>\n<li><strong>palette euro<\/strong>,<\/li>\n<li><strong>de grandes bo\u00eetes en carton et d'exp\u00e9ditions de dimensions non standard<\/strong>,<\/li>\n<li><strong>appareils et machines<\/strong>,<\/li>\n<li><strong>\u00e9l\u00e9ments d'\u00e9quipement int\u00e9rieur, appareils \u00e9lectroniques et \u00e9lectrom\u00e9nagers<\/strong>,<\/li>\n<li>ou <strong>d'une charge diversifi\u00e9e qui n\u00e9cessite un arrimage et une s\u00e9curisation minutieux<\/strong>.<\/li>\n<\/ul>\n<p>Les n\u00f4tres<strong> Les Sprinters sont neufs ou n'ont pas plus de deux ans<\/strong>, r\u00e9guli\u00e8rement entretenus et pr\u00e9par\u00e9s pour un fonctionnement 24h\/24 et 7j\/7. Chacun d'eux n'est pas seulement un outil \u2013 c'est une extension de la qualit\u00e9 des services qu'ils offrent <strong>SIPB-GROUP<\/strong>.<\/p>[\/et_pb_text][\/et_pb_column][\/et_pb_row][\/et_pb_section][et_pb_section fb_built=&#8221;1&#8243; make_equal=&#8221;on&#8221; use_custom_gutter=&#8221;on&#8221; gutter_width=&#8221;2&#8243; specialty=&#8221;on&#8221; custom_padding_last_edited=&#8221;on|phone&#8221; padding_top_1=&#8221;115px&#8221; padding_top_2=&#8221;115px&#8221; padding_bottom_1=&#8221;115px&#8221; padding_bottom_2=&#8221;115px&#8221; padding_left_2=&#8221;50px&#8221; padding_top_bottom_link_1=&#8221;true&#8221; padding_top_bottom_link_2=&#8221;true&#8221; padding_left_right_link_1=&#8221;false&#8221; padding_left_right_link_2=&#8221;false&#8221; padding_1_tablet=&#8221;0px||0px||true|false&#8221; padding_2_tablet=&#8221;60px||60px|0px|true|false&#8221; padding_1_phone=&#8221;32px||||false|false&#8221; padding_2_phone=&#8221;||||false|false&#8221; padding_1_last_edited=&#8221;on|tablet&#8221; padding_2_last_edited=&#8221;on|tablet&#8221; module_class_1=&#8221;order-2&#8243; custom_css_before_2=&#8221;position:absolute;||content:%22%22;||background:#115eb6;||width:280px;||height:100%;||right:0;||top:0;||bottom:0&#8243; admin_label=&#8221;Why Choose Area&#8221; module_class=&#8221;why-chooseus-area&#8221; _builder_version=&#8221;4.27.4&#8243; _module_preset=&#8221;default&#8221; inner_width=&#8221;90%&#8221; inner_max_width=&#8221;1200px&#8221; custom_padding=&#8221;0px||0px||true|false&#8221; custom_padding_tablet=&#8221;0px||0px||false|false&#8221; custom_padding_phone=&#8221;0px||40px||false|false&#8221; custom_css_free_form=&#8221;||||||@media only screen and (max-width: 768px) {||  .why-chooseus-area .et_pb_row {||    display: flex;||flex-direction: column;||}||  .order-2{||    order:2||  }||}&#8221; locked=&#8221;off&#8221; collapsed=&#8221;on&#8221; global_colors_info=&#8221;{}&#8221;][et_pb_column type=&#8221;1_2&#8243; specialty_columns=&#8221;2&#8243; _builder_version=&#8221;4.16&#8243; custom_padding=&#8221;|||&#8221; global_colors_info=&#8221;{}&#8221; custom_padding__hover=&#8221;|||&#8221;][et_pb_row_inner use_custom_gutter=&#8221;on&#8221; gutter_width=&#8221;2&#8243; make_equal=&#8221;on&#8221; _builder_version=&#8221;4.27.4&#8243; _module_preset=&#8221;default&#8221; custom_padding=&#8221;0px||24px||false|false&#8221; locked=&#8221;off&#8221; global_colors_info=&#8221;{}&#8221;][et_pb_column_inner saved_specialty_column_type=&#8221;1_2&#8243; _builder_version=&#8221;4.27.4&#8243; _module_preset=&#8221;default&#8221; global_colors_info=&#8221;{}&#8221;][et_pb_text _builder_version=&#8221;4.27.4&#8243; _module_preset=&#8221;default&#8221; header_text_color=&#8221;#161616&#8243; header_font_size=&#8221;70px&#8221; header_line_height=&#8221;120%&#8221; header_2_font=&#8221;&#8211;et_global_heading_font|&#8211;et_global_heading_font_weight|||||||&#8221; header_2_text_align=&#8221;left&#8221; header_2_text_color=&#8221;gcid-c1ac8567-e125-48f9-b965-be1847180768&#8243; header_2_font_size=&#8221;48px&#8221; header_2_line_height=&#8221;120%&#8221; header_4_font=&#8221;&#8211;et_global_heading_font|&#8211;et_global_heading_font_weight||on|||||&#8221; header_4_text_align=&#8221;left&#8221; header_4_text_color=&#8221;gcid-dbc95d21-904d-45a9-8e0d-0b280b650812&#8243; max_width=&#8221;700px&#8221; module_alignment=&#8221;center&#8221; custom_margin=&#8221;||0px||false|false&#8221; animation_style=&#8221;fade&#8221; header_2_font_size_tablet=&#8221;40px&#8221; header_2_font_size_phone=&#8221;32px&#8221; header_2_font_size_last_edited=&#8221;on|phone&#8221; locked=&#8221;off&#8221; global_colors_info=&#8221;{%22gcid-dbc95d21-904d-45a9-8e0d-0b280b650812%22:%91%22header_4_text_color%22%93,%22gcid-c1ac8567-e125-48f9-b965-be1847180768%22:%91%22header_2_text_color%22%93}&#8221;]<h4 style=\"padding-bottom: 24px;\">Sprinter Long avec autorisation ADR<\/h4>\n<h2>Transport sp\u00e9cialis\u00e9 dans toute l'UE<\/h2>[\/et_pb_text][\/et_pb_column_inner][\/et_pb_row_inner][et_pb_row_inner use_custom_gutter=&#8221;on&#8221; gutter_width=&#8221;2&#8243; make_equal=&#8221;on&#8221; _builder_version=&#8221;4.27.4&#8243; _module_preset=&#8221;default&#8221; custom_padding=&#8221;0px||0px||true|false&#8221; locked=&#8221;off&#8221; global_colors_info=&#8221;{}&#8221;][et_pb_column_inner saved_specialty_column_type=&#8221;1_2&#8243; _builder_version=&#8221;4.27.4&#8243; _module_preset=&#8221;default&#8221; global_colors_info=&#8221;{}&#8221; custom_css_main_element_last_edited=&#8221;on|phone&#8221; custom_css_main_element_phone=&#8221;margin-bottom:0!important&#8221;][et_pb_text _builder_version=&#8221;4.27.4&#8243; _module_preset=&#8221;default&#8221; text_font=&#8221;&#8211;et_global_heading_font|&#8211;et_global_body_font_weight|||||||&#8221; text_text_color=&#8221;#7c858c&#8221; text_font_size=&#8221;16px&#8221; text_line_height=&#8221;160%&#8221; custom_margin=&#8221;20px||||false|false&#8221; animation_style=&#8221;fade&#8221; animation_delay=&#8221;100ms&#8221; hover_enabled=&#8221;0&#8243; locked=&#8221;off&#8221; global_colors_info=&#8221;{}&#8221; sticky_enabled=&#8221;0&#8243;]<p>De plus, \u00e9galement dans cette cat\u00e9gorie de v\u00e9hicules<strong> nous avons toutes les autorisations pour le transport de mati\u00e8res dangereuses (ADR)<\/strong>, ce qui nous permet de fournir<strong> transport sp\u00e9cialis\u00e9<\/strong> sans restriction territoriale \u2013 sur l'ensemble du territoire de l'Union europ\u00e9enne.<\/p>\n<p>Ce qui distingue notre approche du travail, ce n'est pas seulement une flotte moderne, mais <strong>les gens qui sont derri\u00e8re elle<\/strong> \u2013 des chauffeurs, logisticiens et coordinateurs exp\u00e9riment\u00e9s qui supervisent chaque \u00e9tape du transport. Gr\u00e2ce \u00e0 cela <strong>Sprinter long<\/strong> entre les mains du SIPB-GROUP, c'est bien plus qu'un simple v\u00e9hicule \u2013 c'est <strong>outil de confiance et de professionnalisme<\/strong>, qui apporte de la valeur en plus de la marchandise.<\/p>\n<p>Tous les d\u00e9tails techniques et la documentation de nos autorisations se trouvent dans l'onglet \u201e<strong>Licences<\/strong>\u201dsur la page d'accueil.<\/p>[\/et_pb_text][\/et_pb_column_inner][\/et_pb_row_inner][\/et_pb_column][et_pb_column type=&#8221;1_2&#8243; _builder_version=&#8221;4.16&#8243; custom_padding=&#8221;|||&#8221; global_colors_info=&#8221;{}&#8221; custom_padding__hover=&#8221;|||&#8221;][et_pb_image src=&#8221;https:\/\/sipb-group.pl\/wp-content\/uploads\/2025\/10\/Partnerstwo.webp&#8221; title_text=&#8221;Partnerstwo&#8221; force_fullwidth=&#8221;on&#8221; module_class=&#8221;full-images-height   object-fit &#8221; _builder_version=&#8221;4.27.4&#8243; _module_preset=&#8221;default&#8221; height=&#8221;100%&#8221; height_tablet=&#8221;400px&#8221; height_phone=&#8221;400px&#8221; height_last_edited=&#8221;on|tablet&#8221; custom_margin_tablet=&#8221;&#8221; custom_margin_phone=&#8221;||||false|false&#8221; custom_margin_last_edited=&#8221;on|phone&#8221; custom_padding=&#8221;|80px|||false|false&#8221; custom_padding_tablet=&#8221;|80px|||false|false&#8221; custom_padding_phone=&#8221;|50px|||false|false&#8221; custom_padding_last_edited=&#8221;on|phone&#8221; custom_css_main_element=&#8221;height:100%;&#8221; custom_css_free_form=&#8221;selector img{||  object-fit: cover;||}&#8221; locked=&#8221;off&#8221; global_colors_info=&#8221;{}&#8221;][\/et_pb_image][\/et_pb_column][\/et_pb_section]","protected":false},"excerpt":{"rendered":"<p>Sprintery Long dla logistyki bez kompromis\u00f3w Linia klasy biznesOferta Sprintery Long dla wymagaj\u0105cychMercedes-Benz Sprinter Long \u2013 przestrze\u0144, precyzja, pewno\u015b\u0107 dostawy W logistyce liczy si\u0119 ka\u017cdy detal \u2013 a jednym z najwa\u017cniejszych jest elastyczno\u015b\u0107 przestrzeni \u0142adunkowej, kt\u00f3ra pozwala dostosowa\u0107 si\u0119 do r\u00f3\u017cnorodnych zlece\u0144 Klient\u00f3w. W\u0142a\u015bnie dlatego we flocie SIPB-GROUP nie mog\u0142o zabrakn\u0105\u0107 jednego z najbardziej niezawodnych [&hellip;]<\/p>","protected":false},"author":1,"featured_media":0,"parent":0,"menu_order":0,"comment_status":"closed","ping_status":"closed","template":"","meta":{"_et_pb_use_builder":"on","_et_pb_old_content":"<!-- wp:divi\/placeholder \/-->","_et_gb_content_width":"","footnotes":""},"class_list":["post-20753","page","type-page","status-publish","hentry"],"_links":{"self":[{"href":"https:\/\/sipb-group.pl\/fr\/wp-json\/wp\/v2\/pages\/20753","targetHints":{"allow":["GET"]}}],"collection":[{"href":"https:\/\/sipb-group.pl\/fr\/wp-json\/wp\/v2\/pages"}],"about":[{"href":"https:\/\/sipb-group.pl\/fr\/wp-json\/wp\/v2\/types\/page"}],"author":[{"embeddable":true,"href":"https:\/\/sipb-group.pl\/fr\/wp-json\/wp\/v2\/users\/1"}],"replies":[{"embeddable":true,"href":"https:\/\/sipb-group.pl\/fr\/wp-json\/wp\/v2\/comments?post=20753"}],"version-history":[{"count":13,"href":"https:\/\/sipb-group.pl\/fr\/wp-json\/wp\/v2\/pages\/20753\/revisions"}],"predecessor-version":[{"id":21412,"href":"https:\/\/sipb-group.pl\/fr\/wp-json\/wp\/v2\/pages\/20753\/revisions\/21412"}],"wp:attachment":[{"href":"https:\/\/sipb-group.pl\/fr\/wp-json\/wp\/v2\/media?parent=20753"}],"curies":[{"name":"wp","href":"https:\/\/api.w.org\/{rel}","templated":true}]}}