{"id":20751,"date":"2025-09-29T19:17:22","date_gmt":"2025-09-29T17:17:22","guid":{"rendered":"https:\/\/sipb-group.pl\/?page_id=20751"},"modified":"2025-12-12T19:53:21","modified_gmt":"2025-12-12T18:53:21","slug":"transport-chlodniczy-2","status":"publish","type":"page","link":"https:\/\/sipb-group.pl\/it\/transport-chlodniczy-2\/","title":{"rendered":"Trasporto refrigerato"},"content":{"rendered":"[et_pb_section fb_built=&#8221;1&#8243; custom_padding_last_edited=&#8221;on|tablet&#8221; admin_label=&#8221;Hero Area&#8221; module_id=&#8221;home&#8221; module_class=&#8221;section-id&#8221; _builder_version=&#8221;4.27.4&#8243; _module_preset=&#8221;default&#8221; background_image=&#8221;https:\/\/sipb-group.pl\/wp-content\/uploads\/2025\/10\/bus.webp&#8221; overflow-x=&#8221;hidden&#8221; overflow-y=&#8221;hidden&#8221; custom_padding=&#8221;230px||115px||false|false&#8221; custom_padding_tablet=&#8221;200px||80px||false|false&#8221; custom_padding_phone=&#8221;230px||80px||false|false&#8221; custom_css_before=&#8221;    position: absolute;||    content: %22%22;||    background: #115eb6;||    width: 300px;||    height: 300%;||    top: -788px;||    right: 0;||    clip-path: polygon(25% 0%, 100% 0%, 75% 100%, 0% 100%);||    transform: rotate(23deg);||z-index:1||&#8221; custom_css_after=&#8221;    position: absolute;||||    background: #80d018;||    width: 300px;||    height: 100%;||    bottom:-200px;||    right: 330px;||    clip-path: polygon(25% 0%, 100% 0%, 75% 100%, 0% 100%);||    transform: rotate(23deg);||||&#8221; collapsed=&#8221;on&#8221; global_colors_info=&#8221;{}&#8221; custom_css_before_last_edited=&#8221;off|desktop&#8221; custom_css_before_tablet=&#8221;    position: absolute;||    content: %22%22;||    background: #ed6700;||    width: 300px;||    height: 50%;||    bottom:-300px;||    right: 0;||    clip-path: polygon(25% 0%, 100% 0%, 75% 100%, 0% 100%);||    transform: rotate(23deg);||||&#8221; custom_css_after_last_edited=&#8221;off|desktop&#8221; custom_css_after_tablet=&#8221; &#8221; custom_css_before_phone=&#8221;    position: absolute;||    content: %22%22;||    background: #ed6700;||    width: 300px;||    height: 50%;||    bottom:-300px;||    right: 0;||    clip-path: polygon(25% 0%, 100% 0%, 75% 100%, 0% 100%);||    transform: rotate(23deg);||||&#8221; custom_css_after_phone=&#8221; &#8222;][et_pb_row use_custom_gutter=&#8221;on&#8221; gutter_width=&#8221;2&#8243; make_equal=&#8221;on&#8221; _builder_version=&#8221;4.27.4&#8243; _module_preset=&#8221;default&#8221; z_index=&#8221;99&#8243; width=&#8221;90%&#8221; max_width=&#8221;1200px&#8221; custom_padding=&#8221;0px||0px||true|false&#8221; global_colors_info=&#8221;{}&#8221;][et_pb_column type=&#8221;4_4&#8243; _builder_version=&#8221;4.27.4&#8243; _module_preset=&#8221;default&#8221; global_colors_info=&#8221;{}&#8221;][et_pb_text _builder_version=&#8221;4.27.4&#8243; _module_preset=&#8221;default&#8221; header_font=&#8221;&#8211;et_global_heading_font|&#8211;et_global_heading_font_weight|||||||&#8221; header_text_color=&#8221;#FFFFFF&#8221; header_font_size=&#8221;70px&#8221; header_2_font=&#8221;&#8211;et_global_heading_font|&#8211;et_global_heading_font_weight|||||||&#8221; header_2_text_color=&#8221;#115eb6&#8243; header_2_font_size=&#8221;42px&#8221; header_4_font=&#8221;&#8211;et_global_heading_font|&#8211;et_global_heading_font_weight||on|||||&#8221; header_4_text_color=&#8221;gcid-dbc95d21-904d-45a9-8e0d-0b280b650812&#8243; max_width=&#8221;80%&#8221; custom_margin=&#8221;||0px||false|false&#8221; custom_padding=&#8221;32px||32px|32px|true|false&#8221; animation_style=&#8221;fade&#8221; hover_enabled=&#8221;0&#8243; header_font_size_tablet=&#8221;55px&#8221; header_font_size_phone=&#8221;42px&#8221; header_font_size_last_edited=&#8221;on|phone&#8221; custom_css_before=&#8221;position:absolute;||content:%22%22;||border:8px solid #80d018;||width:30%;||height:100%;||left:0;||top:0;||border-right:0&#8243; custom_css_free_form=&#8221;selector h2{||  padding-bottom: 0 !important;||}&#8221; global_colors_info=&#8221;{%22gcid-dbc95d21-904d-45a9-8e0d-0b280b650812%22:%91%22header_4_text_color%22%93}&#8221; header_2_line_height=&#8221;1.4em&#8221; sticky_enabled=&#8221;0&#8243;]\n<h2 style=\"padding-bottom: 32px;\">Bezpieczny transport produkt\u00f3w wymagaj\u0105cych ch\u0142odzenia\n<\/h2>[\/et_pb_text][\/et_pb_column][\/et_pb_row][\/et_pb_section][et_pb_section fb_built=&#8221;1&#8243; make_equal=&#8221;on&#8221; use_custom_gutter=&#8221;on&#8221; gutter_width=&#8221;2&#8243; specialty=&#8221;on&#8221; custom_padding_last_edited=&#8221;on|phone&#8221; padding_top_1=&#8221;0px&#8221; padding_top_2=&#8221;32px&#8221; padding_right_1=&#8221;80px&#8221; padding_bottom_1=&#8221;0px&#8221; padding_bottom_2=&#8221;32px&#8221; padding_top_bottom_link_1=&#8221;true&#8221; padding_top_bottom_link_2=&#8221;true&#8221; padding_left_right_link_1=&#8221;false&#8221; padding_left_right_link_2=&#8221;false&#8221; padding_1_tablet=&#8221;&#8221; padding_2_tablet=&#8221;0px||0px||true|false&#8221; padding_1_phone=&#8221;|32px|||false|false&#8221; padding_2_phone=&#8221;0px||0px||true|false&#8221; padding_1_last_edited=&#8221;on|phone&#8221; padding_2_last_edited=&#8221;on|tablet&#8221; admin_label=&#8221;About Area&#8221; module_id=&#8221;about&#8221; module_class=&#8221;section-id&#8221; _builder_version=&#8221;4.27.4&#8243; _module_preset=&#8221;default&#8221; inner_width=&#8221;90%&#8221; inner_max_width=&#8221;1200px&#8221; custom_padding=&#8221;80px||||false|false&#8221; custom_padding_tablet=&#8221;80px||40px||false|false&#8221; custom_padding_phone=&#8221;80px||||false|false&#8221; custom_css_free_form=&#8221;.full-images-height .et_pb_image_wrap {||    height: 100%;||  ||}||.object-fit img{||  object-fit:cover||}||||||||||@keyframes rotation {||  ||  0% { transform: translateY(0px); }||  25% { transform: translateY(-20px); } ||  ||  75% { transform: translateY(20px); } ||  ||  100% { transform: translateY(0px); }||  ||}&#8221; collapsed=&#8221;on&#8221; global_colors_info=&#8221;{}&#8221;][et_pb_column type=&#8221;1_2&#8243; _builder_version=&#8221;4.16&#8243; custom_padding=&#8221;|||&#8221; global_colors_info=&#8221;{}&#8221; custom_padding__hover=&#8221;|||&#8221;][et_pb_image src=&#8221;https:\/\/sipb-group.pl\/wp-content\/uploads\/2025\/10\/Transport-chlodniczy.webp&#8221; title_text=&#8221;Transport ch\u0142odniczy&#8221; force_fullwidth=&#8221;on&#8221; module_id=&#8221;anchor&#8221; module_class=&#8221;full-images-height   object-fit &#8221; _builder_version=&#8221;4.27.4&#8243; _module_preset=&#8221;default&#8221; height=&#8221;100%&#8221; height_tablet=&#8221;400px&#8221; height_phone=&#8221;400px&#8221; height_last_edited=&#8221;on|phone&#8221; custom_padding=&#8221;32px|60px||32px|false|false&#8221; custom_padding_tablet=&#8221;32px|60px||32px|false|false&#8221; custom_padding_phone=&#8221;|0px|||false|false&#8221; custom_padding_last_edited=&#8221;on|phone&#8221; custom_css_before=&#8221;position:absolute;||content:%22%22;||background:#80d018;||width:200px;||height:200px;||top:0;||left:0;|| animation: rotation 3s linear infinite; &#8221; custom_css_main_element=&#8221;height:100%;&#8221; global_colors_info=&#8221;{}&#8221;][\/et_pb_image][et_pb_image src=&#8221;https:\/\/sipb-group.pl\/wp-content\/uploads\/2025\/10\/PHOTO-2025-07-13-15-15-48-1.webp&#8221; title_text=&#8221;PHOTO-2025-07-13-15-15-48 (1)&#8221; module_class=&#8221;object-fit&#8221; _builder_version=&#8221;4.27.4&#8243; _module_preset=&#8221;default&#8221; positioning=&#8221;absolute&#8221; position_origin_a=&#8221;bottom_right&#8221; horizontal_offset=&#8221;40px&#8221; z_index=&#8221;99&#8243; horizontal_offset_tablet=&#8221;40px&#8221; horizontal_offset_phone=&#8221;0px&#8221; horizontal_offset_last_edited=&#8221;on|phone&#8221; width=&#8221;250px&#8221; width_tablet=&#8221;250px&#8221; width_phone=&#8221;200px&#8221; width_last_edited=&#8221;on|phone&#8221; height=&#8221;300px&#8221; height_tablet=&#8221;200px&#8221; height_phone=&#8221;200px&#8221; height_last_edited=&#8221;on|tablet&#8221; custom_margin=&#8221;||0px||false|false&#8221; border_width_all=&#8221;5px&#8221; border_color_all=&#8221;#FFFFFF&#8221; global_colors_info=&#8221;{}&#8221;][\/et_pb_image][\/et_pb_column][et_pb_column type=&#8221;1_2&#8243; specialty_columns=&#8221;2&#8243; _builder_version=&#8221;4.16&#8243; custom_padding=&#8221;|||&#8221; global_colors_info=&#8221;{}&#8221; custom_padding__hover=&#8221;|||&#8221;][et_pb_row_inner _builder_version=&#8221;4.27.4&#8243; _module_preset=&#8221;default&#8221; custom_padding=&#8221;0px||0px||false|false&#8221; global_colors_info=&#8221;{}&#8221;][et_pb_column_inner saved_specialty_column_type=&#8221;1_2&#8243; _builder_version=&#8221;4.27.4&#8243; _module_preset=&#8221;default&#8221; global_colors_info=&#8221;{}&#8221;][et_pb_text _builder_version=&#8221;4.27.4&#8243; _module_preset=&#8221;default&#8221; header_text_color=&#8221;#161616&#8243; header_font_size=&#8221;70px&#8221; header_line_height=&#8221;120%&#8221; header_2_font=&#8221;&#8211;et_global_heading_font|&#8211;et_global_heading_font_weight|||||||&#8221; header_2_text_color=&#8221;gcid-c1ac8567-e125-48f9-b965-be1847180768&#8243; header_2_font_size=&#8221;48px&#8221; header_2_line_height=&#8221;120%&#8221; header_4_font=&#8221;Poppins|&#8211;et_global_heading_font_weight||on|||||&#8221; header_4_text_color=&#8221;gcid-dbc95d21-904d-45a9-8e0d-0b280b650812&#8243; max_width=&#8221;700px&#8221; custom_margin=&#8221;||0px||false|false&#8221; animation_style=&#8221;fade&#8221; header_2_font_size_tablet=&#8221;40px&#8221; header_2_font_size_phone=&#8221;32px&#8221; header_2_font_size_last_edited=&#8221;on|phone&#8221; locked=&#8221;off&#8221; global_colors_info=&#8221;{%22gcid-dbc95d21-904d-45a9-8e0d-0b280b650812%22:%91%22header_4_text_color%22%93,%22gcid-c1ac8567-e125-48f9-b965-be1847180768%22:%91%22header_2_text_color%22%93}&#8221;]<h4 style=\"padding-bottom: 32px;\">Offerta<\/h4>\n<h2>Bezpieczny transport wra\u017cliwych produkt\u00f3w<\/h2>[\/et_pb_text][et_pb_text _builder_version=&#8221;4.27.4&#8243; _module_preset=&#8221;default&#8221; text_font=&#8221;&#8211;et_global_heading_font|&#8211;et_global_body_font_weight|||||||&#8221; text_text_color=&#8221;#7c858c&#8221; text_font_size=&#8221;16px&#8221; text_line_height=&#8221;160%&#8221; custom_margin=&#8221;20px||||false|false&#8221; animation_style=&#8221;fade&#8221; animation_delay=&#8221;100ms&#8221; global_colors_info=&#8221;{}&#8221;]<p><strong>Transport ch\u0142odniczy do 3,5 tony \u2013 kiedy \u015bwie\u017co\u015b\u0107 i temperatura maj\u0105 znaczenie<\/strong><\/p>\n<p>W dynamicznym \u015bwiecie logistyki precyzja to za ma\u0142o. Gdy w gr\u0119 wchodzi transport wra\u017cliwych towar\u00f3w \u2013 takich jak \u017cywno\u015b\u0107, farmaceutyki, kosmetyki czy komponenty chemiczne \u2013 kluczowe staj\u0105 si\u0119<strong> kontrola temperatury, niezawodno\u015b\u0107 sprz\u0119tu i szybka logistyka roz\u0142adunku<\/strong>. W\u0142a\u015bnie dlatego w naszej flocie znalaz\u0142y si\u0119 <strong>nowoczesne pojazdy ch\u0142odnicze marki Mercedes-Benz<\/strong>, stworzone z my\u015bl\u0105 o najbardziej wymagaj\u0105cych klientach i najbardziej wymagaj\u0105cych \u0142adunkach.<\/p>\n<p>Nasze samochody <strong>ch\u0142odnicze do 3,5 tony<\/strong> to efekt po\u0142\u0105czenia technologii, do\u015bwiadczenia i zrozumienia specyfiki rynku. Ka\u017cdy pojazd wyposa\u017cony jest w <strong>komor\u0119 ch\u0142odnicz\u0105 z precyzyjnym systemem regulacji temperatury<\/strong>, kt\u00f3ry pozwala utrzyma\u0107 odpowiednie warunki przewozu niezale\u017cnie od warunk\u00f3w zewn\u0119trznych \u2013 zar\u00f3wno w upalnym lecie, jak i w mro\u017ane dni.<\/p>[\/et_pb_text][\/et_pb_column_inner][\/et_pb_row_inner][\/et_pb_column][\/et_pb_section][et_pb_section fb_built=&#8221;1&#8243; _builder_version=&#8221;4.27.4&#8243; _module_preset=&#8221;default&#8221; background_color=&#8221;gcid-45f37cac-00da-49ed-8be7-49d99db8ebb9&#8243; custom_padding=&#8221;40px||40px||true|false&#8221; global_colors_info=&#8221;{%22gcid-45f37cac-00da-49ed-8be7-49d99db8ebb9%22:%91%22background_color%22%93}&#8221;][et_pb_row column_structure=&#8221;1_2,1_2&#8243; _builder_version=&#8221;4.27.4&#8243; _module_preset=&#8221;default&#8221; width=&#8221;90%&#8221; max_width=&#8221;1200px&#8221; custom_padding=&#8221;12px||12px||true|false&#8221; global_colors_info=&#8221;{}&#8221;][et_pb_column type=&#8221;1_2&#8243; _builder_version=&#8221;4.27.4&#8243; _module_preset=&#8221;default&#8221; global_colors_info=&#8221;{}&#8221;][et_pb_text _builder_version=&#8221;4.27.4&#8243; _module_preset=&#8221;default&#8221; text_font=&#8221;&#8211;et_global_heading_font|&#8211;et_global_body_font_weight|||||||&#8221; text_text_color=&#8221;#7c858c&#8221; text_font_size=&#8221;16px&#8221; text_line_height=&#8221;160%&#8221; custom_margin=&#8221;20px||||false|false&#8221; animation_style=&#8221;fade&#8221; animation_delay=&#8221;100ms&#8221; global_colors_info=&#8221;{}&#8221;]<p>Wszystkie nasze auta s\u0105:<\/p>\n<ul>\n<li>nowe lub nie starsze ni\u017c dwa lata,<\/li>\n<li>obj\u0119te regularnymi przegl\u0105dami,<\/li>\n<li>i spe\u0142niaj\u0105 najnowsze europejskie normy sanitarne i techniczne.<\/li>\n<\/ul>\n<p><strong>Drzwi asymetryczne<\/strong> to kolejny przemy\u015blany element naszej floty. Ich zastosowanie znacznie u\u0142atwia i przyspiesza proces za\u0142adunku i roz\u0142adunku \u2013 szczeg\u00f3lnie w przestrzeniach o ograniczonym dost\u0119pie, przy rampach lub w miejscach, gdzie liczy si\u0119 ka\u017cda minuta i ka\u017cdy metr. To rozwi\u0105zanie, kt\u00f3re doceni\u0105 zar\u00f3wno dostawcy, jak i odbiorcy.<\/p>[\/et_pb_text][\/et_pb_column][et_pb_column type=&#8221;1_2&#8243; _builder_version=&#8221;4.27.4&#8243; _module_preset=&#8221;default&#8221; global_colors_info=&#8221;{}&#8221;][et_pb_text _builder_version=&#8221;4.27.4&#8243; _module_preset=&#8221;default&#8221; text_font=&#8221;&#8211;et_global_heading_font|&#8211;et_global_body_font_weight|||||||&#8221; text_text_color=&#8221;#7c858c&#8221; text_font_size=&#8221;16px&#8221; text_line_height=&#8221;160%&#8221; custom_margin=&#8221;20px||||false|false&#8221; animation_style=&#8221;fade&#8221; animation_delay=&#8221;100ms&#8221; global_colors_info=&#8221;{}&#8221;]<p>Czym mo\u017cemy si\u0119 zaj\u0105\u0107?<br \/>Nasze samochody ch\u0142odnicze s\u0105 idealne do przewozu:<\/p>\n<ul>\n<li><strong>\u015bwie\u017cej i mro\u017conej \u017cywno\u015bci<\/strong>,<\/li>\n<li><strong>produkt\u00f3w mlecznych i wega\u0144skich zamiennik\u00f3w<\/strong>,<\/li>\n<li><strong>lek\u00f3w i preparat\u00f3w farmaceutycznych<\/strong>,<\/li>\n<li><strong>kosmetyk\u00f3w i artyku\u0142\u00f3w higienicznych<\/strong>,<\/li>\n<li><strong>kwiat\u00f3w, sadzonek i produkt\u00f3w wra\u017cliwych na zmiany temperatury<\/strong>,<\/li>\n<li>cos\u00ec come <strong>specjalistycznych \u0142adunk\u00f3w z sektora medycznego i chemicznego<\/strong>.<\/li>\n<\/ul>\n<p>Wszystkie transporty realizowane tymi pojazdami s\u0105 <strong>monitorowane<\/strong>, a temperatura wewn\u0105trz komory mo\u017ce by\u0107 raportowana w czasie rzeczywistym \u2013 je\u015bli Klient tego oczekuje.<\/p>[\/et_pb_text][\/et_pb_column][\/et_pb_row][\/et_pb_section][et_pb_section fb_built=&#8221;1&#8243; make_equal=&#8221;on&#8221; use_custom_gutter=&#8221;on&#8221; gutter_width=&#8221;2&#8243; specialty=&#8221;on&#8221; custom_padding_last_edited=&#8221;on|phone&#8221; padding_top_1=&#8221;115px&#8221; padding_top_2=&#8221;115px&#8221; padding_bottom_1=&#8221;115px&#8221; padding_bottom_2=&#8221;115px&#8221; padding_left_2=&#8221;50px&#8221; padding_top_bottom_link_1=&#8221;true&#8221; padding_top_bottom_link_2=&#8221;true&#8221; padding_left_right_link_1=&#8221;false&#8221; padding_left_right_link_2=&#8221;false&#8221; padding_1_tablet=&#8221;0px||0px||true|false&#8221; padding_2_tablet=&#8221;60px||60px|0px|true|false&#8221; padding_1_phone=&#8221;32px||||false|false&#8221; padding_2_phone=&#8221;||||false|false&#8221; padding_1_last_edited=&#8221;on|tablet&#8221; padding_2_last_edited=&#8221;on|tablet&#8221; module_class_1=&#8221;order-2&#8243; custom_css_before_2=&#8221;position:absolute;||content:%22%22;||background:#115eb6;||width:280px;||height:100%;||right:0;||top:0;||bottom:0&#8243; admin_label=&#8221;Why Choose Area&#8221; module_class=&#8221;why-chooseus-area&#8221; _builder_version=&#8221;4.27.4&#8243; _module_preset=&#8221;default&#8221; inner_width=&#8221;90%&#8221; inner_max_width=&#8221;1200px&#8221; custom_padding=&#8221;0px||0px||true|false&#8221; custom_padding_tablet=&#8221;0px||0px||false|false&#8221; custom_padding_phone=&#8221;0px||40px||false|false&#8221; custom_css_free_form=&#8221;||||||@media only screen and (max-width: 768px) {||  .why-chooseus-area .et_pb_row {||    display: flex;||flex-direction: column;||}||  .order-2{||    order:2||  }||}&#8221; locked=&#8221;off&#8221; collapsed=&#8221;on&#8221; global_colors_info=&#8221;{}&#8221;][et_pb_column type=&#8221;1_2&#8243; specialty_columns=&#8221;2&#8243; _builder_version=&#8221;4.16&#8243; custom_padding=&#8221;|||&#8221; global_colors_info=&#8221;{}&#8221; custom_padding__hover=&#8221;|||&#8221;][et_pb_row_inner use_custom_gutter=&#8221;on&#8221; gutter_width=&#8221;2&#8243; make_equal=&#8221;on&#8221; _builder_version=&#8221;4.27.4&#8243; _module_preset=&#8221;default&#8221; custom_padding=&#8221;0px||24px||false|false&#8221; locked=&#8221;off&#8221; global_colors_info=&#8221;{}&#8221;][et_pb_column_inner saved_specialty_column_type=&#8221;1_2&#8243; _builder_version=&#8221;4.27.4&#8243; _module_preset=&#8221;default&#8221; global_colors_info=&#8221;{}&#8221;][et_pb_text _builder_version=&#8221;4.27.4&#8243; _module_preset=&#8221;default&#8221; header_text_color=&#8221;#161616&#8243; header_font_size=&#8221;70px&#8221; header_line_height=&#8221;120%&#8221; header_2_font=&#8221;&#8211;et_global_heading_font|&#8211;et_global_heading_font_weight|||||||&#8221; header_2_text_align=&#8221;left&#8221; header_2_text_color=&#8221;gcid-c1ac8567-e125-48f9-b965-be1847180768&#8243; header_2_font_size=&#8221;48px&#8221; header_2_line_height=&#8221;120%&#8221; header_4_font=&#8221;&#8211;et_global_heading_font|&#8211;et_global_heading_font_weight||on|||||&#8221; header_4_text_align=&#8221;left&#8221; header_4_text_color=&#8221;gcid-dbc95d21-904d-45a9-8e0d-0b280b650812&#8243; max_width=&#8221;700px&#8221; module_alignment=&#8221;center&#8221; custom_margin=&#8221;||0px||false|false&#8221; animation_style=&#8221;fade&#8221; header_2_font_size_tablet=&#8221;40px&#8221; header_2_font_size_phone=&#8221;32px&#8221; header_2_font_size_last_edited=&#8221;on|phone&#8221; locked=&#8221;off&#8221; global_colors_info=&#8221;{%22gcid-dbc95d21-904d-45a9-8e0d-0b280b650812%22:%91%22header_4_text_color%22%93,%22gcid-c1ac8567-e125-48f9-b965-be1847180768%22:%91%22header_2_text_color%22%93}&#8221;]<h4 style=\"padding-bottom: 24px;\">Pe\u0142na kontrola ch\u0142odni<\/h4>\n<h2>Transport ch\u0142odniczy z monitoringiem i ADR<\/h2>[\/et_pb_text][\/et_pb_column_inner][\/et_pb_row_inner][et_pb_row_inner use_custom_gutter=&#8221;on&#8221; gutter_width=&#8221;2&#8243; make_equal=&#8221;on&#8221; _builder_version=&#8221;4.27.4&#8243; _module_preset=&#8221;default&#8221; custom_padding=&#8221;0px||0px||true|false&#8221; locked=&#8221;off&#8221; global_colors_info=&#8221;{}&#8221;][et_pb_column_inner saved_specialty_column_type=&#8221;1_2&#8243; _builder_version=&#8221;4.27.4&#8243; _module_preset=&#8221;default&#8221; global_colors_info=&#8221;{}&#8221; custom_css_main_element_last_edited=&#8221;on|phone&#8221; custom_css_main_element_phone=&#8221;margin-bottom:0!important&#8221;][et_pb_text _builder_version=&#8221;4.27.4&#8243; _module_preset=&#8221;default&#8221; text_font=&#8221;&#8211;et_global_heading_font|&#8211;et_global_body_font_weight|||||||&#8221; text_text_color=&#8221;#7c858c&#8221; text_font_size=&#8221;16px&#8221; text_line_height=&#8221;160%&#8221; link_text_color=&#8221;gcid-dbc95d21-904d-45a9-8e0d-0b280b650812&#8243; custom_margin=&#8221;20px||||false|false&#8221; animation_style=&#8221;fade&#8221; animation_delay=&#8221;100ms&#8221; locked=&#8221;off&#8221; global_colors_info=&#8221;{%22gcid-dbc95d21-904d-45a9-8e0d-0b280b650812%22:%91%22link_text_color%22%93}&#8221;]<p>Wszystkie transporty realizowane tymi pojazdami s\u0105 <strong>monitorowane<\/strong>, a temperatura wewn\u0105trz komory mo\u017ce by\u0107 raportowana w czasie rzeczywistym \u2013 je\u015bli Klient tego oczekuje.<\/p>\n<p>Co r\u00f3wnie wa\u017cne, nasze pojazdy s\u0105 obj\u0119te<strong> pe\u0142nymi zezwoleniami na przew\u00f3z materia\u0142\u00f3w niebezpiecznych (ADR)<\/strong> \u2013 r\u00f3wnie\u017c w warunkach kontrolowanej temperatury. To po\u0142\u0105czenie technologii ch\u0142odniczej i uprawnie\u0144 specjalistycznych czyni nas jednym z nielicznych dostawc\u00f3w, kt\u00f3rzy oferuj\u0105 <strong>tak wszechstronny i zarazem precyzyjny model transportu ch\u0142odniczego w klasie do 3,5 tony<\/strong>.<\/p>\n<p>Szczeg\u00f3\u0142owe informacje o naszych licencjach, certyfikatach i zezwoleniach znajd\u0105 Pa\u0144stwo w zak\u0142adce <strong>\u201e<a href=\"\/it\/zezwolenia\/\">Permessi<\/a>\u201d<\/strong> \u2013 bo jako SIPB-GROUP nie tylko m\u00f3wimy o jako\u015bci, ale j\u0105 dokumentujemy.<\/p>[\/et_pb_text][\/et_pb_column_inner][\/et_pb_row_inner][\/et_pb_column][et_pb_column type=&#8221;1_2&#8243; _builder_version=&#8221;4.16&#8243; custom_padding=&#8221;|||&#8221; global_colors_info=&#8221;{}&#8221; custom_padding__hover=&#8221;|||&#8221;][et_pb_image src=&#8221;https:\/\/sipb-group.pl\/wp-content\/uploads\/2025\/10\/lod.webp&#8221; title_text=&#8221;l\u00f3d&#8221; force_fullwidth=&#8221;on&#8221; module_class=&#8221;full-images-height   object-fit &#8221; _builder_version=&#8221;4.27.4&#8243; _module_preset=&#8221;default&#8221; height=&#8221;100%&#8221; height_tablet=&#8221;400px&#8221; height_phone=&#8221;400px&#8221; height_last_edited=&#8221;on|tablet&#8221; custom_margin_tablet=&#8221;&#8221; custom_margin_phone=&#8221;||||false|false&#8221; custom_margin_last_edited=&#8221;on|phone&#8221; custom_padding=&#8221;|80px|||false|false&#8221; custom_padding_tablet=&#8221;|80px|||false|false&#8221; custom_padding_phone=&#8221;|50px|||false|false&#8221; custom_padding_last_edited=&#8221;on|phone&#8221; custom_css_main_element=&#8221;height:100%;&#8221; custom_css_free_form=&#8221;selector img{||  object-fit: cover;||  max-height: 600px !important; ||}&#8221; locked=&#8221;off&#8221; global_colors_info=&#8221;{}&#8221;][\/et_pb_image][\/et_pb_column][\/et_pb_section]","protected":false},"excerpt":{"rendered":"<p>Bezpieczny transport produkt\u00f3w wymagaj\u0105cych ch\u0142odzenia Oferta Bezpieczny transport wra\u017cliwych produkt\u00f3wTransport ch\u0142odniczy do 3,5 tony \u2013 kiedy \u015bwie\u017co\u015b\u0107 i temperatura maj\u0105 znaczenie W dynamicznym \u015bwiecie logistyki precyzja to za ma\u0142o. Gdy w gr\u0119 wchodzi transport wra\u017cliwych towar\u00f3w \u2013 takich jak \u017cywno\u015b\u0107, farmaceutyki, kosmetyki czy komponenty chemiczne \u2013 kluczowe staj\u0105 si\u0119 kontrola temperatury, niezawodno\u015b\u0107 sprz\u0119tu i szybka [&hellip;]<\/p>","protected":false},"author":1,"featured_media":0,"parent":0,"menu_order":0,"comment_status":"closed","ping_status":"closed","template":"","meta":{"_et_pb_use_builder":"on","_et_pb_old_content":"<!-- wp:divi\/placeholder \/-->","_et_gb_content_width":"","footnotes":""},"class_list":["post-20751","page","type-page","status-publish","hentry"],"_links":{"self":[{"href":"https:\/\/sipb-group.pl\/it\/wp-json\/wp\/v2\/pages\/20751","targetHints":{"allow":["GET"]}}],"collection":[{"href":"https:\/\/sipb-group.pl\/it\/wp-json\/wp\/v2\/pages"}],"about":[{"href":"https:\/\/sipb-group.pl\/it\/wp-json\/wp\/v2\/types\/page"}],"author":[{"embeddable":true,"href":"https:\/\/sipb-group.pl\/it\/wp-json\/wp\/v2\/users\/1"}],"replies":[{"embeddable":true,"href":"https:\/\/sipb-group.pl\/it\/wp-json\/wp\/v2\/comments?post=20751"}],"version-history":[{"count":15,"href":"https:\/\/sipb-group.pl\/it\/wp-json\/wp\/v2\/pages\/20751\/revisions"}],"predecessor-version":[{"id":21411,"href":"https:\/\/sipb-group.pl\/it\/wp-json\/wp\/v2\/pages\/20751\/revisions\/21411"}],"wp:attachment":[{"href":"https:\/\/sipb-group.pl\/it\/wp-json\/wp\/v2\/media?parent=20751"}],"curies":[{"name":"wp","href":"https:\/\/api.w.org\/{rel}","templated":true}]}}